{"id":22983,"date":"2021-09-13T11:18:46","date_gmt":"2021-09-13T09:18:46","guid":{"rendered":"https:\/\/aniro.pl\/?page_id=22983"},"modified":"2024-07-09T15:01:51","modified_gmt":"2024-07-09T13:01:51","slug":"supervisory-relays-5","status":"publish","type":"page","link":"https:\/\/aniro.pl\/en\/supervisory-relays-5\/","title":{"rendered":"Supervisory Relays"},"content":{"rendered":"<div class=\"wpb-content-wrapper\"><p>[vc_row el_class=&#8221;product-box&#8221;][vc_column width=&#8221;1\/2&#8243; el_class=&#8221;product-photo-box&#8221;][vc_column_text el_class=&#8221;product-photo&#8221;]<img loading=\"lazy\" decoding=\"async\" class=\"alignnone size-medium wp-image-15102\" src=\"https:\/\/aniro.pl\/wp-content\/uploads\/2021\/04\/przekazniki-nadzorcze-300x300.png\" alt=\"\" width=\"300\" height=\"300\">[\/vc_column_text][\/vc_column][vc_column width=&#8221;1\/2&#8243; el_class=&#8221;product-details-box&#8221;][vc_column_text el_class=&#8221;product-title&#8221;]Przeka\u017anik nadzorczy napi\u0119ciowy MMR17-V1A-U230-108[\/vc_column_text][vc_column_text el_class=&#8221;product-description&#8221;]Przeznaczone do zastosowa\u0144 w uk\u0142adach automatyki i sterowania do kontroli asymetrii, kierunku faz oraz zadzia\u0142ania styk\u00f3w stycznika w sieciach tr\u00f3jfazowych.<\/p>\n<p><img loading=\"lazy\" decoding=\"async\" class=\"alignnone wp-image-4991\" src=\"https:\/\/aniro.pl\/wp-content\/uploads\/2016\/04\/kwadrat.png\" alt=\"kwadrat\" width=\"7\" height=\"7\">&nbsp; przeka\u017aniki kontroli obecno\u015bci i kierunku faz<br \/>\n<img loading=\"lazy\" decoding=\"async\" class=\"alignnone wp-image-4991\" src=\"https:\/\/aniro.pl\/wp-content\/uploads\/2016\/04\/kwadrat.png\" alt=\"kwadrat\" width=\"7\" height=\"7\">&nbsp; przeznaczony do kontroli napi\u0119\u0107 1x230V AC\/DC i 3&#215;230\/400V AC<br \/>\n<img loading=\"lazy\" decoding=\"async\" class=\"alignnone wp-image-4991\" src=\"https:\/\/aniro.pl\/wp-content\/uploads\/2016\/04\/kwadrat.png\" alt=\"kwadrat\" width=\"7\" height=\"7\">&nbsp; styk prze\u0142\u0105czny 1x8A<br \/>\n<img loading=\"lazy\" decoding=\"async\" class=\"alignnone wp-image-4991\" src=\"https:\/\/aniro.pl\/wp-content\/uploads\/2016\/04\/kwadrat.png\" alt=\"kwadrat\" width=\"7\" height=\"7\">&nbsp; regulacja progu asymetrii i czas\u00f3w op\u00f3\u017anienia<br \/>\n<img loading=\"lazy\" decoding=\"async\" class=\"alignnone wp-image-4991\" src=\"https:\/\/aniro.pl\/wp-content\/uploads\/2016\/04\/kwadrat.png\" alt=\"kwadrat\" width=\"7\" height=\"7\">&nbsp; pomiar rzeczywistej warto\u015bci skutecznej napi\u0119cia <em>TrueRMS<\/em><br \/>\n<img loading=\"lazy\" decoding=\"async\" class=\"alignnone wp-image-4991\" src=\"https:\/\/aniro.pl\/wp-content\/uploads\/2016\/04\/kwadrat.png\" alt=\"kwadrat\" width=\"7\" height=\"7\">&nbsp; funkcje window i undervoltage<br \/>\n<img loading=\"lazy\" decoding=\"async\" class=\"alignnone wp-image-4991\" src=\"https:\/\/aniro.pl\/wp-content\/uploads\/2016\/04\/kwadrat.png\" alt=\"kwadrat\" width=\"7\" height=\"7\">&nbsp; przeka\u017aniki nadzorcze rezystancyjne do czujnik\u00f3w PTC[\/vc_column_text][vc_empty_space height=&#8221;20px&#8221;][vc_btn title=&#8221;Zapytaj o produkt&#8221; style=&#8221;classic&#8221; color=&#8221;inverse&#8221; css_animation=&#8221;none&#8221; link=&#8221;url:%2F%3Fpage_id%3D940%231468964878830-c2690ad2-7f90|title:Zapytaj%20o%20produkt|target:%20_blank|&#8221;][\/vc_column][\/vc_row][vc_row content_placement=&#8221;middle&#8221; el_class=&#8221;download-box&#8221;][vc_column width=&#8221;1\/6&#8243;][vc_column_text]<\/p>\n<h6 style=\"text-align: left;\"><strong><span style=\"font-size: 200%;\">do pobrania:<\/span><\/strong><\/h6>\n<p>[\/vc_column_text][\/vc_column][vc_column width=&#8221;1\/6&#8243;][vc_raw_html el_class=&#8221;product-icon&#8221;]JTNDYSUyMGhyZWYlM0QlMjJodHRwcyUzQSUyRiUyRmZpbGVjbG91ZC5hbmlyby5wbCUyRmluZGV4LnBocCUyRnMlMkZ6TTM5YWY5aWJSNm1BUHQlMkZkb3dubG9hZCUyMiUzRUthcnRhJTIwa2F0YWxvZ293YSUzQyUyRmElM0U=[\/vc_raw_html][\/vc_column][vc_column width=&#8221;1\/6&#8243;][\/vc_column][vc_column width=&#8221;1\/6&#8243;][\/vc_column][vc_column width=&#8221;1\/6&#8243;][\/vc_column][vc_column width=&#8221;1\/6&#8243;][\/vc_column][\/vc_row]<\/p>\n<\/div>","protected":false},"excerpt":{"rendered":"<p>[vc_row el_class=&#8221;product-box&#8221;][vc_column width=&#8221;1\/2&#8243; el_class=&#8221;product-photo-box&#8221;][vc_column_text el_class=&#8221;product-photo&#8221;][\/vc_column_text][\/vc_column][vc_column width=&#8221;1\/2&#8243; el_class=&#8221;product-details-box&#8221;][vc_column_text el_class=&#8221;product-title&#8221;]Przeka\u017anik nadzorczy napi\u0119ciowy MMR17-V1A-U230-108[\/vc_column_text][vc_column_text el_class=&#8221;product-description&#8221;]Przeznaczone do zastosowa\u0144 w uk\u0142adach automatyki i sterowania do kontroli asymetrii, kierunku faz oraz zadzia\u0142ania styk\u00f3w stycznika w sieciach tr\u00f3jfazowych. &nbsp; przeka\u017aniki kontroli obecno\u015bci i kierunku faz &nbsp; przeznaczony do kontroli napi\u0119\u0107 1x230V AC\/DC i 3&#215;230\/400V AC &nbsp; styk prze\u0142\u0105czny 1x8A &nbsp; regulacja progu [&hellip;]<\/p>\n","protected":false},"author":6,"featured_media":0,"parent":0,"menu_order":0,"comment_status":"closed","ping_status":"closed","template":"","meta":{"_acf_changed":false,"footnotes":""},"class_list":["post-22983","page","type-page","status-publish","hentry"],"acf":[],"yoast_head":"<!-- This site is optimized with the Yoast SEO plugin v27.4 - https:\/\/yoast.com\/product\/yoast-seo-wordpress\/ -->\n<title>Supervisory Relays - Aniro<\/title>\n<meta name=\"robots\" content=\"index, follow, max-snippet:-1, max-image-preview:large, max-video-preview:-1\" \/>\n<link rel=\"canonical\" href=\"https:\/\/aniro.pl\/przekaznik-nadzorczy-napieciowy-v3b\/\" \/>\n<meta property=\"og:locale\" content=\"en_US\" \/>\n<meta property=\"og:type\" content=\"article\" \/>\n<meta property=\"og:title\" content=\"Supervisory Relays - Aniro\" \/>\n<meta property=\"og:description\" content=\"[vc_row el_class=&#8221;product-box&#8221;][vc_column width=&#8221;1\/2&#8243; el_class=&#8221;product-photo-box&#8221;][vc_column_text el_class=&#8221;product-photo&#8221;][\/vc_column_text][\/vc_column][vc_column width=&#8221;1\/2&#8243; el_class=&#8221;product-details-box&#8221;][vc_column_text el_class=&#8221;product-title&#8221;]Przeka\u017anik nadzorczy napi\u0119ciowy MMR17-V1A-U230-108[\/vc_column_text][vc_column_text el_class=&#8221;product-description&#8221;]Przeznaczone do zastosowa\u0144 w uk\u0142adach automatyki i sterowania do kontroli asymetrii, kierunku faz oraz zadzia\u0142ania styk\u00f3w stycznika w sieciach tr\u00f3jfazowych. &nbsp; przeka\u017aniki kontroli obecno\u015bci i kierunku faz &nbsp; przeznaczony do kontroli napi\u0119\u0107 1x230V AC\/DC i 3&#215;230\/400V AC &nbsp; styk prze\u0142\u0105czny 1x8A &nbsp; regulacja progu [&hellip;]\" \/>\n<meta property=\"og:url\" content=\"https:\/\/aniro.pl\/przekaznik-nadzorczy-napieciowy-v3b\/\" \/>\n<meta property=\"og:site_name\" content=\"Aniro\" \/>\n<meta property=\"article:modified_time\" content=\"2024-07-09T13:01:51+00:00\" \/>\n<meta property=\"og:image\" content=\"https:\/\/aniro.pl\/wp-content\/uploads\/2021\/04\/przekazniki-nadzorcze-300x300.png\" \/>\n<meta name=\"twitter:card\" content=\"summary_large_image\" \/>\n<meta name=\"twitter:label1\" content=\"Est. reading time\" \/>\n\t<meta name=\"twitter:data1\" content=\"3 minutes\" \/>\n<script type=\"application\/ld+json\" class=\"yoast-schema-graph\">{\"@context\":\"https:\\\/\\\/schema.org\",\"@graph\":[{\"@type\":\"WebPage\",\"@id\":\"https:\\\/\\\/aniro.pl\\\/przekaznik-nadzorczy-napieciowy-v3b\\\/\",\"url\":\"https:\\\/\\\/aniro.pl\\\/przekaznik-nadzorczy-napieciowy-v3b\\\/\",\"name\":\"Supervisory Relays - Aniro\",\"isPartOf\":{\"@id\":\"https:\\\/\\\/aniro.pl\\\/#website\"},\"primaryImageOfPage\":{\"@id\":\"https:\\\/\\\/aniro.pl\\\/przekaznik-nadzorczy-napieciowy-v3b\\\/#primaryimage\"},\"image\":{\"@id\":\"https:\\\/\\\/aniro.pl\\\/przekaznik-nadzorczy-napieciowy-v3b\\\/#primaryimage\"},\"thumbnailUrl\":\"https:\\\/\\\/aniro.pl\\\/wp-content\\\/uploads\\\/2021\\\/04\\\/przekazniki-nadzorcze-300x300.png\",\"datePublished\":\"2021-09-13T09:18:46+00:00\",\"dateModified\":\"2024-07-09T13:01:51+00:00\",\"breadcrumb\":{\"@id\":\"https:\\\/\\\/aniro.pl\\\/przekaznik-nadzorczy-napieciowy-v3b\\\/#breadcrumb\"},\"inLanguage\":\"en-US\",\"potentialAction\":[{\"@type\":\"ReadAction\",\"target\":[\"https:\\\/\\\/aniro.pl\\\/przekaznik-nadzorczy-napieciowy-v3b\\\/\"]}]},{\"@type\":\"ImageObject\",\"inLanguage\":\"en-US\",\"@id\":\"https:\\\/\\\/aniro.pl\\\/przekaznik-nadzorczy-napieciowy-v3b\\\/#primaryimage\",\"url\":\"https:\\\/\\\/aniro.pl\\\/wp-content\\\/uploads\\\/2021\\\/04\\\/przekazniki-nadzorcze-300x300.png\",\"contentUrl\":\"https:\\\/\\\/aniro.pl\\\/wp-content\\\/uploads\\\/2021\\\/04\\\/przekazniki-nadzorcze-300x300.png\"},{\"@type\":\"BreadcrumbList\",\"@id\":\"https:\\\/\\\/aniro.pl\\\/przekaznik-nadzorczy-napieciowy-v3b\\\/#breadcrumb\",\"itemListElement\":[{\"@type\":\"ListItem\",\"position\":1,\"name\":\"Strona g\u0142\u00f3wna\",\"item\":\"https:\\\/\\\/aniro.pl\\\/en\\\/\"},{\"@type\":\"ListItem\",\"position\":2,\"name\":\"Supervisory Relays\"}]},{\"@type\":\"WebSite\",\"@id\":\"https:\\\/\\\/aniro.pl\\\/#website\",\"url\":\"https:\\\/\\\/aniro.pl\\\/\",\"name\":\"Aniro\",\"description\":\"\",\"publisher\":{\"@id\":\"https:\\\/\\\/aniro.pl\\\/#organization\"},\"potentialAction\":[{\"@type\":\"SearchAction\",\"target\":{\"@type\":\"EntryPoint\",\"urlTemplate\":\"https:\\\/\\\/aniro.pl\\\/?s={search_term_string}\"},\"query-input\":{\"@type\":\"PropertyValueSpecification\",\"valueRequired\":true,\"valueName\":\"search_term_string\"}}],\"inLanguage\":\"en-US\"},{\"@type\":\"Organization\",\"@id\":\"https:\\\/\\\/aniro.pl\\\/#organization\",\"name\":\"Aniro\",\"url\":\"https:\\\/\\\/aniro.pl\\\/\",\"logo\":{\"@type\":\"ImageObject\",\"inLanguage\":\"en-US\",\"@id\":\"https:\\\/\\\/aniro.pl\\\/#\\\/schema\\\/logo\\\/image\\\/\",\"url\":\"https:\\\/\\\/aniro.pl\\\/wp-content\\\/uploads\\\/2024\\\/09\\\/favicon-32x32-2.png\",\"contentUrl\":\"https:\\\/\\\/aniro.pl\\\/wp-content\\\/uploads\\\/2024\\\/09\\\/favicon-32x32-2.png\",\"width\":32,\"height\":32,\"caption\":\"Aniro\"},\"image\":{\"@id\":\"https:\\\/\\\/aniro.pl\\\/#\\\/schema\\\/logo\\\/image\\\/\"}}]}<\/script>\n<!-- \/ Yoast SEO plugin. -->","yoast_head_json":{"title":"Supervisory Relays - Aniro","robots":{"index":"index","follow":"follow","max-snippet":"max-snippet:-1","max-image-preview":"max-image-preview:large","max-video-preview":"max-video-preview:-1"},"canonical":"https:\/\/aniro.pl\/przekaznik-nadzorczy-napieciowy-v3b\/","og_locale":"en_US","og_type":"article","og_title":"Supervisory Relays - Aniro","og_description":"[vc_row el_class=&#8221;product-box&#8221;][vc_column width=&#8221;1\/2&#8243; el_class=&#8221;product-photo-box&#8221;][vc_column_text el_class=&#8221;product-photo&#8221;][\/vc_column_text][\/vc_column][vc_column width=&#8221;1\/2&#8243; el_class=&#8221;product-details-box&#8221;][vc_column_text el_class=&#8221;product-title&#8221;]Przeka\u017anik nadzorczy napi\u0119ciowy MMR17-V1A-U230-108[\/vc_column_text][vc_column_text el_class=&#8221;product-description&#8221;]Przeznaczone do zastosowa\u0144 w uk\u0142adach automatyki i sterowania do kontroli asymetrii, kierunku faz oraz zadzia\u0142ania styk\u00f3w stycznika w sieciach tr\u00f3jfazowych. &nbsp; przeka\u017aniki kontroli obecno\u015bci i kierunku faz &nbsp; przeznaczony do kontroli napi\u0119\u0107 1x230V AC\/DC i 3&#215;230\/400V AC &nbsp; styk prze\u0142\u0105czny 1x8A &nbsp; regulacja progu [&hellip;]","og_url":"https:\/\/aniro.pl\/przekaznik-nadzorczy-napieciowy-v3b\/","og_site_name":"Aniro","article_modified_time":"2024-07-09T13:01:51+00:00","og_image":[{"url":"https:\/\/aniro.pl\/wp-content\/uploads\/2021\/04\/przekazniki-nadzorcze-300x300.png","type":"","width":"","height":""}],"twitter_card":"summary_large_image","twitter_misc":{"Est. reading time":"3 minutes"},"schema":{"@context":"https:\/\/schema.org","@graph":[{"@type":"WebPage","@id":"https:\/\/aniro.pl\/przekaznik-nadzorczy-napieciowy-v3b\/","url":"https:\/\/aniro.pl\/przekaznik-nadzorczy-napieciowy-v3b\/","name":"Supervisory Relays - Aniro","isPartOf":{"@id":"https:\/\/aniro.pl\/#website"},"primaryImageOfPage":{"@id":"https:\/\/aniro.pl\/przekaznik-nadzorczy-napieciowy-v3b\/#primaryimage"},"image":{"@id":"https:\/\/aniro.pl\/przekaznik-nadzorczy-napieciowy-v3b\/#primaryimage"},"thumbnailUrl":"https:\/\/aniro.pl\/wp-content\/uploads\/2021\/04\/przekazniki-nadzorcze-300x300.png","datePublished":"2021-09-13T09:18:46+00:00","dateModified":"2024-07-09T13:01:51+00:00","breadcrumb":{"@id":"https:\/\/aniro.pl\/przekaznik-nadzorczy-napieciowy-v3b\/#breadcrumb"},"inLanguage":"en-US","potentialAction":[{"@type":"ReadAction","target":["https:\/\/aniro.pl\/przekaznik-nadzorczy-napieciowy-v3b\/"]}]},{"@type":"ImageObject","inLanguage":"en-US","@id":"https:\/\/aniro.pl\/przekaznik-nadzorczy-napieciowy-v3b\/#primaryimage","url":"https:\/\/aniro.pl\/wp-content\/uploads\/2021\/04\/przekazniki-nadzorcze-300x300.png","contentUrl":"https:\/\/aniro.pl\/wp-content\/uploads\/2021\/04\/przekazniki-nadzorcze-300x300.png"},{"@type":"BreadcrumbList","@id":"https:\/\/aniro.pl\/przekaznik-nadzorczy-napieciowy-v3b\/#breadcrumb","itemListElement":[{"@type":"ListItem","position":1,"name":"Strona g\u0142\u00f3wna","item":"https:\/\/aniro.pl\/en\/"},{"@type":"ListItem","position":2,"name":"Supervisory Relays"}]},{"@type":"WebSite","@id":"https:\/\/aniro.pl\/#website","url":"https:\/\/aniro.pl\/","name":"Aniro","description":"","publisher":{"@id":"https:\/\/aniro.pl\/#organization"},"potentialAction":[{"@type":"SearchAction","target":{"@type":"EntryPoint","urlTemplate":"https:\/\/aniro.pl\/?s={search_term_string}"},"query-input":{"@type":"PropertyValueSpecification","valueRequired":true,"valueName":"search_term_string"}}],"inLanguage":"en-US"},{"@type":"Organization","@id":"https:\/\/aniro.pl\/#organization","name":"Aniro","url":"https:\/\/aniro.pl\/","logo":{"@type":"ImageObject","inLanguage":"en-US","@id":"https:\/\/aniro.pl\/#\/schema\/logo\/image\/","url":"https:\/\/aniro.pl\/wp-content\/uploads\/2024\/09\/favicon-32x32-2.png","contentUrl":"https:\/\/aniro.pl\/wp-content\/uploads\/2024\/09\/favicon-32x32-2.png","width":32,"height":32,"caption":"Aniro"},"image":{"@id":"https:\/\/aniro.pl\/#\/schema\/logo\/image\/"}}]}},"_links":{"self":[{"href":"https:\/\/aniro.pl\/en\/wp-json\/wp\/v2\/pages\/22983","targetHints":{"allow":["GET"]}}],"collection":[{"href":"https:\/\/aniro.pl\/en\/wp-json\/wp\/v2\/pages"}],"about":[{"href":"https:\/\/aniro.pl\/en\/wp-json\/wp\/v2\/types\/page"}],"author":[{"embeddable":true,"href":"https:\/\/aniro.pl\/en\/wp-json\/wp\/v2\/users\/6"}],"replies":[{"embeddable":true,"href":"https:\/\/aniro.pl\/en\/wp-json\/wp\/v2\/comments?post=22983"}],"version-history":[{"count":1,"href":"https:\/\/aniro.pl\/en\/wp-json\/wp\/v2\/pages\/22983\/revisions"}],"predecessor-version":[{"id":33533,"href":"https:\/\/aniro.pl\/en\/wp-json\/wp\/v2\/pages\/22983\/revisions\/33533"}],"wp:attachment":[{"href":"https:\/\/aniro.pl\/en\/wp-json\/wp\/v2\/media?parent=22983"}],"curies":[{"name":"wp","href":"https:\/\/api.w.org\/{rel}","templated":true}]}}