{"id":25175,"date":"2022-03-08T10:20:32","date_gmt":"2022-03-08T09:20:32","guid":{"rendered":"https:\/\/aniro.pl\/?page_id=25175"},"modified":"2024-07-09T15:04:55","modified_gmt":"2024-07-09T13:04:55","slug":"konkurs-3-2","status":"publish","type":"page","link":"https:\/\/aniro.pl\/en\/konkurs-3-2\/","title":{"rendered":"Konkurs"},"content":{"rendered":"<div class=\"wpb-content-wrapper\"><p>[vc_row][vc_column][vc_single_image image=&#8221;17937&#8243; img_size=&#8221;large&#8221; alignment=&#8221;center&#8221;][vc_empty_space height=&#8221;40px&#8221;][\/vc_column][\/vc_row][vc_row rtl_reverse=&#8221;yes&#8221; content_placement=&#8221;middle&#8221; el_class=&#8221;competition-buttons&#8221;][vc_column width=&#8221;1\/5&#8243;][vc_btn title=&#8221;start&#8221; style=&#8221;classic&#8221; color=&#8221;juicy-pink&#8221; align=&#8221;center&#8221; link=&#8221;url:https%3A%2F%2Faniro.pl%2Fen%2F%3Fpage_id%3D19954%23konkurs|&#8221;][\/vc_column][vc_column width=&#8221;1\/5&#8243;][vc_btn title=&#8221;nagroda&#8221; style=&#8221;classic&#8221; color=&#8221;juicy-pink&#8221; align=&#8221;center&#8221; link=&#8221;url:https%3A%2F%2Faniro.pl%2Fen%2F%3Fpage_id%3D19954%23nagroda|&#8221;][\/vc_column][vc_column width=&#8221;1\/5&#8243;][vc_btn title=&#8221;rejestracja&#8221; style=&#8221;classic&#8221; color=&#8221;juicy-pink&#8221; align=&#8221;center&#8221; link=&#8221;url:https%3A%2F%2Faniro.pl%2Fen%2F%3Fpage_id%3D19954%23formularz|&#8221;][\/vc_column][vc_column width=&#8221;1\/5&#8243;][vc_btn title=&#8221;kontakt&#8221; style=&#8221;classic&#8221; color=&#8221;juicy-pink&#8221; align=&#8221;center&#8221; link=&#8221;url:https%3A%2F%2Faniro.pl%2Fen%2F%3Fpage_id%3D19954%23kontakt|&#8221;][\/vc_column][vc_column width=&#8221;1\/5&#8243;][vc_btn title=&#8221;regulamin&#8221; style=&#8221;classic&#8221; color=&#8221;juicy-pink&#8221; align=&#8221;center&#8221; link=&#8221;url:https%3A%2F%2Ffilecloud.aniro.pl%2Findex.php%2Fs%2FjWyo2YZjKPPEXE4%2Fdownload|&#8221;][\/vc_column][\/vc_row][vc_row][vc_column][vc_empty_space][vc_column_text]<\/p>\n<h1><a name=\"konkurs\"><\/a>Wy\u015blij zdj\u0119cia swojej realizacji &#8211; aplikacji i wygraj NAGROD\u0118!<\/h1>\n<p>&nbsp;<\/p>\n<p>M\u00f3wi\u0105, \u017ce nie\u0142adnie jest si\u0119 chwali\u0107. Nic bardziej mylnego. Chcemy pokaza\u0107, \u017ce warto chwali\u0107 si\u0119 tym co dobre! Zapraszamy do wzi\u0119cia udzia\u0142u w naszym Konkursie na najciekawsz\u0105 realizacj\u0119 z u\u017cyciem produkt\u00f3w z oferty ANIRO Sp. z o.o.<\/p>\n<p>Je\u015bli wykona\u0142e\u015b ciekaw\u0105 realizacj\u0119 z u\u017cyciem kt\u00f3rego\u015b z produkt\u00f3w z oferty ANIRO Sp. z o.o., zr\u00f3b kilka zdj\u0119\u0107 i wy\u015blij je do nas. Z nades\u0142anych prac wybierzemy najlepsz\u0105 kt\u00f3ra zostanie nagrodzona walizk\u0105 narz\u0119dziow\u0105, serwisow\u0105 na k\u00f3\u0142kach BOXER WH PTS.<\/p>\n<p>Dodatkowo, dla ka\u017cdego kto prze\u015ble nam swoj\u0105 realizacj\u0119 mamy upominek-niespodziank\u0119.&nbsp;<strong>Na zdj\u0119cia czekamy do 30 listopada 2021 r.<\/strong>[\/vc_column_text][vc_empty_space height=&#8221;40px&#8221;][vc_column_text]<\/p>\n<h3><strong>Termin nadsy\u0142ania zg\u0142osze\u0144 konkursowych up\u0142yn\u0105\u0142 30.11.2021 r. Zwyci\u0119zca konkursu zostanie og\u0142oszony w ci\u0105gu najbli\u017cszych 14 dni.<\/strong><\/h3>\n<p><strong>dzi\u0119kujemy za liczne zg\u0142oszenia!<\/strong>[\/vc_column_text][\/vc_column][\/vc_row][vc_row][vc_column][vc_empty_space][\/vc_column][\/vc_row][vc_row][vc_column][vc_raw_html]JTNDYnIlM0UlM0NhJTIwbmFtZSUzRCUyMm5hZ3JvZGElMjIlM0UlM0NoMSUzRU5hZ3JvZGElM0MlMkZoMSUzRSUzQyUyRmElM0UlM0NiciUzRQ==[\/vc_raw_html][\/vc_column][\/vc_row][vc_row][vc_column width=&#8221;1\/2&#8243;][vc_column_text]Nagrod\u0105 w Konkursie jest: walizka serwisowa na narz\u0119dzia BOXER WH PTS. Jest to profesjonalna walizka na k\u00f3\u0142kach z teleskopow\u0105 r\u0105czk\u0105, walizka o kompaktowych wymiarach.<\/p>\n<p><img loading=\"lazy\" decoding=\"async\" class=\"alignnone wp-image-1171\" src=\"https:\/\/aniro.pl\/wp-content\/uploads\/2016\/04\/kwadrat.png\" alt=\"kwadrat\" width=\"7\" height=\"7\">&nbsp; Walizka na narz\u0119dzia z PP i aluminiow\u0105 ram\u0105 zapewniaj\u0105c\u0105 d\u0142ugotrwa\u0142\u0105 stabilno\u015b\u0107.<br \/>\n<img loading=\"lazy\" decoding=\"async\" class=\"alignnone wp-image-1171\" src=\"https:\/\/aniro.pl\/wp-content\/uploads\/2016\/04\/kwadrat.png\" alt=\"kwadrat\" width=\"7\" height=\"7\">&nbsp; Kompaktowe wymiary, szczeg\u00f3lnie polecana dla serwis\u00f3w korzystaj\u0105cych z mniejszej liczby narz\u0119dzi np. elektryk\u00f3w, elektronik\u00f3w itd.<br \/>\n<img loading=\"lazy\" decoding=\"async\" class=\"alignnone wp-image-1171\" src=\"https:\/\/aniro.pl\/wp-content\/uploads\/2016\/04\/kwadrat.png\" alt=\"kwadrat\" width=\"7\" height=\"7\">&nbsp; Przegroda na dokumenty w wieku.<br \/>\n<img loading=\"lazy\" decoding=\"async\" class=\"alignnone wp-image-1171\" src=\"https:\/\/aniro.pl\/wp-content\/uploads\/2016\/04\/kwadrat.png\" alt=\"kwadrat\" width=\"7\" height=\"7\">&nbsp; Wk\u0142ad na narz\u0119dzia w wieku dwustronnie obszyte gumkami i kieszonkami.<br \/>\n<img loading=\"lazy\" decoding=\"async\" class=\"alignnone wp-image-1171\" src=\"https:\/\/aniro.pl\/wp-content\/uploads\/2016\/04\/kwadrat.png\" alt=\"kwadrat\" width=\"7\" height=\"7\">&nbsp; Wk\u0142ad na narz\u0119dzia (dno) obszyty jednostronnie gumkami i kieszonkami.<br \/>\n<img loading=\"lazy\" decoding=\"async\" class=\"alignnone wp-image-1171\" src=\"https:\/\/aniro.pl\/wp-content\/uploads\/2016\/04\/kwadrat.png\" alt=\"kwadrat\" width=\"7\" height=\"7\">&nbsp; Na k\u00f3\u0142kach z teleskopow\u0105 r\u0105czk\u0105.<br \/>\n<img loading=\"lazy\" decoding=\"async\" class=\"alignnone wp-image-1171\" src=\"https:\/\/aniro.pl\/wp-content\/uploads\/2016\/04\/kwadrat.png\" alt=\"kwadrat\" width=\"7\" height=\"7\">&nbsp; W zestawie 2 plastikowe organizery (WL01 + WL02) na drobiazgi.<br \/>\n<img loading=\"lazy\" decoding=\"async\" class=\"alignnone wp-image-1171\" src=\"https:\/\/aniro.pl\/wp-content\/uploads\/2016\/04\/kwadrat.png\" alt=\"kwadrat\" width=\"7\" height=\"7\">&nbsp; 3 &#8211; listwy rozdzielaj\u0105ce przegrody w dnie walizki.<br \/>\n<img loading=\"lazy\" decoding=\"async\" class=\"alignnone wp-image-1171\" src=\"https:\/\/aniro.pl\/wp-content\/uploads\/2016\/04\/kwadrat.png\" alt=\"kwadrat\" width=\"7\" height=\"7\">&nbsp; Du\u017ce k\u00f3\u0142ka transportowe.<br \/>\n<img loading=\"lazy\" decoding=\"async\" class=\"alignnone wp-image-1171\" src=\"https:\/\/aniro.pl\/wp-content\/uploads\/2016\/04\/kwadrat.png\" alt=\"kwadrat\" width=\"7\" height=\"7\">&nbsp; Dwa zamki z mo\u017cliwo\u015bci\u0105 zamkni\u0119cia na klucz.<br \/>\n<img loading=\"lazy\" decoding=\"async\" class=\"alignnone wp-image-1171\" src=\"https:\/\/aniro.pl\/wp-content\/uploads\/2016\/04\/kwadrat.png\" alt=\"kwadrat\" width=\"7\" height=\"7\">&nbsp; R\u0105czka teleskopowa do ci\u0105gni\u0119cia i r\u0105czka do przenoszenia walizki.<br \/>\n<img loading=\"lazy\" decoding=\"async\" class=\"alignnone wp-image-1171\" src=\"https:\/\/aniro.pl\/wp-content\/uploads\/2016\/04\/kwadrat.png\" alt=\"kwadrat\" width=\"7\" height=\"7\">&nbsp; Kraj produkcji: W\u0142ochy.<br \/>\n<img loading=\"lazy\" decoding=\"async\" class=\"alignnone wp-image-1171\" src=\"https:\/\/aniro.pl\/wp-content\/uploads\/2016\/04\/kwadrat.png\" alt=\"kwadrat\" width=\"7\" height=\"7\">&nbsp; Kolor: czarna.<br \/>\n<img loading=\"lazy\" decoding=\"async\" class=\"alignnone wp-image-1171\" src=\"https:\/\/aniro.pl\/wp-content\/uploads\/2016\/04\/kwadrat.png\" alt=\"kwadrat\" width=\"7\" height=\"7\">&nbsp; Wymiary zewn\u0119trzne:<br \/>\n&#8211; szeroko\u015b\u0107 (A): 430 mm,<br \/>\n&#8211; wysoko\u015b\u0107 (B): 320 mm,<br \/>\n&#8211; grubo\u015b\u0107 ca\u0142kowita (C): 190 mm,<br \/>\n<img loading=\"lazy\" decoding=\"async\" class=\"alignnone wp-image-1171\" src=\"https:\/\/aniro.pl\/wp-content\/uploads\/2016\/04\/kwadrat.png\" alt=\"kwadrat\" width=\"7\" height=\"7\">&nbsp; Waga: 5,0 kg.[\/vc_column_text][\/vc_column][vc_column width=&#8221;1\/2&#8243;][vc_raw_html]JTNDYnIlM0UlM0NiciUzRSUzQ2JyJTNFJTNDY2VudGVyJTNFJTNDaWZyYW1lJTIwd2lkdGglM0QlMjI0MDAlMjIlMjBoZWlnaHQlM0QlMjIzMTUlMjIlMjBzcmMlM0QlMjJodHRwcyUzQSUyRiUyRnd3dy55b3V0dWJlLmNvbSUyRmVtYmVkJTJGX2cydVFhekdXdmMlMjIlMjB0aXRsZSUzRCUyMllvdVR1YmUlMjB2aWRlbyUyMHBsYXllciUyMiUyMGZyYW1lYm9yZGVyJTNEJTIyMCUyMiUyMGFsbG93JTNEJTIyYWNjZWxlcm9tZXRlciUzQiUyMGF1dG9wbGF5JTNCJTIwY2xpcGJvYXJkLXdyaXRlJTNCJTIwZW5jcnlwdGVkLW1lZGlhJTNCJTIwZ3lyb3Njb3BlJTNCJTIwcGljdHVyZS1pbi1waWN0dXJlJTIyJTIwYWxsb3dmdWxsc2NyZWVuJTNFJTNDJTJGaWZyYW1lJTNFJTNDJTJGY2VudGVyJTNF[\/vc_raw_html][\/vc_column][\/vc_row][vc_row][vc_column][vc_column_text]&nbsp;<\/p>\n<h1>Jak zrobi\u0107 dobre zdj\u0119cie?<\/h1>\n<p>&nbsp;<\/p>\n<p><img loading=\"lazy\" decoding=\"async\" class=\"alignnone wp-image-1171\" src=\"https:\/\/aniro.pl\/wp-content\/uploads\/2016\/04\/kwadrat.png\" alt=\"kwadrat\" width=\"7\" height=\"7\">&nbsp; Ustaw w swoim aparacie maksymaln\u0105 jako\u015b\u0107 wykonania zdj\u0119cia na jak\u0105 pozwala sprz\u0119t kt\u00f3rym operujesz,<br \/>\n<img loading=\"lazy\" decoding=\"async\" class=\"alignnone wp-image-1171\" src=\"https:\/\/aniro.pl\/wp-content\/uploads\/2016\/04\/kwadrat.png\" alt=\"kwadrat\" width=\"7\" height=\"7\">&nbsp; Zr\u00f3b kilka uj\u0119\u0107 ca\u0142ej realizacji z uwzgl\u0119dnienie produkt\u00f3w z oferty ANIRO Sp. z o.o. (poziomych i pionowych, z r\u00f3\u017cnych stron),<br \/>\n<img loading=\"lazy\" decoding=\"async\" class=\"alignnone wp-image-1171\" src=\"https:\/\/aniro.pl\/wp-content\/uploads\/2016\/04\/kwadrat.png\" alt=\"kwadrat\" width=\"7\" height=\"7\">&nbsp; Przenie\u015b zrobione zdj\u0119cia z aparatu na dowolny no\u015bnik,<br \/>\n<img loading=\"lazy\" decoding=\"async\" class=\"alignnone wp-image-1171\" src=\"https:\/\/aniro.pl\/wp-content\/uploads\/2016\/04\/kwadrat.png\" alt=\"kwadrat\" width=\"7\" height=\"7\">&nbsp; Opisz wykonan\u0105 realizacj\u0119 &#8211; aplikacj\u0119 uwzgl\u0119dniaj\u0105cej u\u017cycie produkt\u00f3w z oferty ANIRO Sp. z o.o.<br \/>\n<img loading=\"lazy\" decoding=\"async\" class=\"alignnone wp-image-1171\" src=\"https:\/\/aniro.pl\/wp-content\/uploads\/2016\/04\/kwadrat.png\" alt=\"kwadrat\" width=\"7\" height=\"7\">&nbsp; Wy\u015blij zdj\u0119cia przez formularz zg\u0142oszeniowy.[\/vc_column_text][\/vc_column][\/vc_row][vc_row][vc_column][vc_raw_html]JTNDaDElM0UlM0NhJTIwbmFtZSUzRCUyMmtvbnRha3QlMjIlM0VLb250YWt0JTNDJTJGaDElM0UlM0MlMkZhJTNF[\/vc_raw_html][\/vc_column][\/vc_row][vc_row][vc_column][vc_column_text]Wszelkie informacje na temat Konkursu uzyska\u0107 mo\u017cna kontaktuj\u0105c si\u0119 z Organizatorem pod adresem e-mail: <strong><a href=\"mailto:marketing@aniro.pl\">marketing@aniro.pl<\/a><\/strong><\/p>\n<p>&nbsp;[\/vc_column_text][\/vc_column][\/vc_row][vc_row][vc_column][vc_images_carousel images=&#8221;19990,19988,19986,19984,19982,19980,20392,20390,20388,20398,20400,20402,20906,20904,20902,23515,23513,23524,23526,23528,23600,23602,23604,23612,23614,23616,23649,23651,23653,23860,23862,23864,23873,23871,23869,23896,23898,23900,23940,23942,23944,23949,23951,23953&#8243; img_size=&#8221;large&#8221; onclick=&#8221;link_no&#8221; speed=&#8221;2000&#8243; slides_per_view=&#8221;4&#8243; autoplay=&#8221;yes&#8221; partial_view=&#8221;yes&#8221; wrap=&#8221;yes&#8221; title=&#8221;Nades\u0142ane prace konkursowe&#8221;][\/vc_column][\/vc_row]<\/p>\n<\/div>","protected":false},"excerpt":{"rendered":"<p>[vc_row][vc_column][vc_single_image image=&#8221;17937&#8243; img_size=&#8221;large&#8221; alignment=&#8221;center&#8221;][vc_empty_space height=&#8221;40px&#8221;][\/vc_column][\/vc_row][vc_row rtl_reverse=&#8221;yes&#8221; content_placement=&#8221;middle&#8221; el_class=&#8221;competition-buttons&#8221;][vc_column width=&#8221;1\/5&#8243;][vc_btn title=&#8221;start&#8221; style=&#8221;classic&#8221; color=&#8221;juicy-pink&#8221; align=&#8221;center&#8221; link=&#8221;url:https%3A%2F%2Faniro.pl%2Fen%2F%3Fpage_id%3D19954%23konkurs|&#8221;][\/vc_column][vc_column width=&#8221;1\/5&#8243;][vc_btn title=&#8221;nagroda&#8221; style=&#8221;classic&#8221; color=&#8221;juicy-pink&#8221; align=&#8221;center&#8221; link=&#8221;url:https%3A%2F%2Faniro.pl%2Fen%2F%3Fpage_id%3D19954%23nagroda|&#8221;][\/vc_column][vc_column width=&#8221;1\/5&#8243;][vc_btn title=&#8221;rejestracja&#8221; style=&#8221;classic&#8221; color=&#8221;juicy-pink&#8221; align=&#8221;center&#8221; link=&#8221;url:https%3A%2F%2Faniro.pl%2Fen%2F%3Fpage_id%3D19954%23formularz|&#8221;][\/vc_column][vc_column width=&#8221;1\/5&#8243;][vc_btn title=&#8221;kontakt&#8221; style=&#8221;classic&#8221; color=&#8221;juicy-pink&#8221; align=&#8221;center&#8221; link=&#8221;url:https%3A%2F%2Faniro.pl%2Fen%2F%3Fpage_id%3D19954%23kontakt|&#8221;][\/vc_column][vc_column width=&#8221;1\/5&#8243;][vc_btn title=&#8221;regulamin&#8221; style=&#8221;classic&#8221; color=&#8221;juicy-pink&#8221; align=&#8221;center&#8221; link=&#8221;url:https%3A%2F%2Ffilecloud.aniro.pl%2Findex.php%2Fs%2FjWyo2YZjKPPEXE4%2Fdownload|&#8221;][\/vc_column][\/vc_row][vc_row][vc_column][vc_empty_space][vc_column_text] Wy\u015blij zdj\u0119cia swojej realizacji &#8211; aplikacji i wygraj NAGROD\u0118! &nbsp; M\u00f3wi\u0105, \u017ce nie\u0142adnie jest si\u0119 chwali\u0107. Nic [&hellip;]<\/p>\n","protected":false},"author":6,"featured_media":0,"parent":0,"menu_order":0,"comment_status":"closed","ping_status":"closed","template":"","meta":{"_acf_changed":false,"footnotes":""},"class_list":["post-25175","page","type-page","status-publish","hentry"],"acf":[],"yoast_head":"<!-- This site is optimized with the Yoast SEO plugin v27.3 - https:\/\/yoast.com\/product\/yoast-seo-wordpress\/ -->\n<title>Konkurs - Aniro<\/title>\n<meta name=\"description\" content=\"Wykona\u0142e\u015b ciekaw\u0105 realizacj\u0119 z u\u017cyciem produkt\u00f3w z oferty ANIRO? Zr\u00f3b kilka zdj\u0119\u0107 i wy\u015blij je do nas. Z nades\u0142anych prac nagrodzimy najlepsz\u0105 warto\u015bciow\u0105 nagrod\u0105.\" \/>\n<meta name=\"robots\" content=\"index, follow, max-snippet:-1, max-image-preview:large, max-video-preview:-1\" \/>\n<link rel=\"canonical\" href=\"https:\/\/aniro.pl\/integratorzy\/\" \/>\n<meta property=\"og:locale\" content=\"en_US\" \/>\n<meta property=\"og:type\" content=\"article\" \/>\n<meta property=\"og:title\" content=\"Konkurs - Aniro\" \/>\n<meta property=\"og:description\" content=\"Wykona\u0142e\u015b ciekaw\u0105 realizacj\u0119 z u\u017cyciem produkt\u00f3w z oferty ANIRO? Zr\u00f3b kilka zdj\u0119\u0107 i wy\u015blij je do nas. Z nades\u0142anych prac nagrodzimy najlepsz\u0105 warto\u015bciow\u0105 nagrod\u0105.\" \/>\n<meta property=\"og:url\" content=\"https:\/\/aniro.pl\/integratorzy\/\" \/>\n<meta property=\"og:site_name\" content=\"Aniro\" \/>\n<meta property=\"article:modified_time\" content=\"2024-07-09T13:04:55+00:00\" \/>\n<meta property=\"og:image\" content=\"https:\/\/aniro.pl\/wp-content\/uploads\/2016\/04\/kwadrat.png\" \/>\n<meta name=\"twitter:card\" content=\"summary_large_image\" \/>\n<meta name=\"twitter:label1\" content=\"Est. reading time\" \/>\n\t<meta name=\"twitter:data1\" content=\"4 minutes\" \/>\n<script type=\"application\/ld+json\" class=\"yoast-schema-graph\">{\"@context\":\"https:\\\/\\\/schema.org\",\"@graph\":[{\"@type\":\"WebPage\",\"@id\":\"https:\\\/\\\/aniro.pl\\\/integratorzy\\\/\",\"url\":\"https:\\\/\\\/aniro.pl\\\/integratorzy\\\/\",\"name\":\"Konkurs - Aniro\",\"isPartOf\":{\"@id\":\"https:\\\/\\\/aniro.pl\\\/#website\"},\"primaryImageOfPage\":{\"@id\":\"https:\\\/\\\/aniro.pl\\\/integratorzy\\\/#primaryimage\"},\"image\":{\"@id\":\"https:\\\/\\\/aniro.pl\\\/integratorzy\\\/#primaryimage\"},\"thumbnailUrl\":\"https:\\\/\\\/aniro.pl\\\/wp-content\\\/uploads\\\/2016\\\/04\\\/kwadrat.png\",\"datePublished\":\"2022-03-08T09:20:32+00:00\",\"dateModified\":\"2024-07-09T13:04:55+00:00\",\"description\":\"Wykona\u0142e\u015b ciekaw\u0105 realizacj\u0119 z u\u017cyciem produkt\u00f3w z oferty ANIRO? Zr\u00f3b kilka zdj\u0119\u0107 i wy\u015blij je do nas. Z nades\u0142anych prac nagrodzimy najlepsz\u0105 warto\u015bciow\u0105 nagrod\u0105.\",\"breadcrumb\":{\"@id\":\"https:\\\/\\\/aniro.pl\\\/integratorzy\\\/#breadcrumb\"},\"inLanguage\":\"en-US\",\"potentialAction\":[{\"@type\":\"ReadAction\",\"target\":[\"https:\\\/\\\/aniro.pl\\\/integratorzy\\\/\"]}]},{\"@type\":\"ImageObject\",\"inLanguage\":\"en-US\",\"@id\":\"https:\\\/\\\/aniro.pl\\\/integratorzy\\\/#primaryimage\",\"url\":\"https:\\\/\\\/aniro.pl\\\/wp-content\\\/uploads\\\/2016\\\/04\\\/kwadrat.png\",\"contentUrl\":\"https:\\\/\\\/aniro.pl\\\/wp-content\\\/uploads\\\/2016\\\/04\\\/kwadrat.png\"},{\"@type\":\"BreadcrumbList\",\"@id\":\"https:\\\/\\\/aniro.pl\\\/integratorzy\\\/#breadcrumb\",\"itemListElement\":[{\"@type\":\"ListItem\",\"position\":1,\"name\":\"Strona g\u0142\u00f3wna\",\"item\":\"https:\\\/\\\/aniro.pl\\\/en\\\/\"},{\"@type\":\"ListItem\",\"position\":2,\"name\":\"Konkurs\"}]},{\"@type\":\"WebSite\",\"@id\":\"https:\\\/\\\/aniro.pl\\\/#website\",\"url\":\"https:\\\/\\\/aniro.pl\\\/\",\"name\":\"Aniro\",\"description\":\"\",\"publisher\":{\"@id\":\"https:\\\/\\\/aniro.pl\\\/#organization\"},\"potentialAction\":[{\"@type\":\"SearchAction\",\"target\":{\"@type\":\"EntryPoint\",\"urlTemplate\":\"https:\\\/\\\/aniro.pl\\\/?s={search_term_string}\"},\"query-input\":{\"@type\":\"PropertyValueSpecification\",\"valueRequired\":true,\"valueName\":\"search_term_string\"}}],\"inLanguage\":\"en-US\"},{\"@type\":\"Organization\",\"@id\":\"https:\\\/\\\/aniro.pl\\\/#organization\",\"name\":\"Aniro\",\"url\":\"https:\\\/\\\/aniro.pl\\\/\",\"logo\":{\"@type\":\"ImageObject\",\"inLanguage\":\"en-US\",\"@id\":\"https:\\\/\\\/aniro.pl\\\/#\\\/schema\\\/logo\\\/image\\\/\",\"url\":\"https:\\\/\\\/aniro.pl\\\/wp-content\\\/uploads\\\/2024\\\/09\\\/favicon-32x32-2.png\",\"contentUrl\":\"https:\\\/\\\/aniro.pl\\\/wp-content\\\/uploads\\\/2024\\\/09\\\/favicon-32x32-2.png\",\"width\":32,\"height\":32,\"caption\":\"Aniro\"},\"image\":{\"@id\":\"https:\\\/\\\/aniro.pl\\\/#\\\/schema\\\/logo\\\/image\\\/\"}}]}<\/script>\n<!-- \/ Yoast SEO plugin. -->","yoast_head_json":{"title":"Konkurs - Aniro","description":"Wykona\u0142e\u015b ciekaw\u0105 realizacj\u0119 z u\u017cyciem produkt\u00f3w z oferty ANIRO? Zr\u00f3b kilka zdj\u0119\u0107 i wy\u015blij je do nas. Z nades\u0142anych prac nagrodzimy najlepsz\u0105 warto\u015bciow\u0105 nagrod\u0105.","robots":{"index":"index","follow":"follow","max-snippet":"max-snippet:-1","max-image-preview":"max-image-preview:large","max-video-preview":"max-video-preview:-1"},"canonical":"https:\/\/aniro.pl\/integratorzy\/","og_locale":"en_US","og_type":"article","og_title":"Konkurs - Aniro","og_description":"Wykona\u0142e\u015b ciekaw\u0105 realizacj\u0119 z u\u017cyciem produkt\u00f3w z oferty ANIRO? Zr\u00f3b kilka zdj\u0119\u0107 i wy\u015blij je do nas. Z nades\u0142anych prac nagrodzimy najlepsz\u0105 warto\u015bciow\u0105 nagrod\u0105.","og_url":"https:\/\/aniro.pl\/integratorzy\/","og_site_name":"Aniro","article_modified_time":"2024-07-09T13:04:55+00:00","og_image":[{"url":"https:\/\/aniro.pl\/wp-content\/uploads\/2016\/04\/kwadrat.png","type":"","width":"","height":""}],"twitter_card":"summary_large_image","twitter_misc":{"Est. reading time":"4 minutes"},"schema":{"@context":"https:\/\/schema.org","@graph":[{"@type":"WebPage","@id":"https:\/\/aniro.pl\/integratorzy\/","url":"https:\/\/aniro.pl\/integratorzy\/","name":"Konkurs - Aniro","isPartOf":{"@id":"https:\/\/aniro.pl\/#website"},"primaryImageOfPage":{"@id":"https:\/\/aniro.pl\/integratorzy\/#primaryimage"},"image":{"@id":"https:\/\/aniro.pl\/integratorzy\/#primaryimage"},"thumbnailUrl":"https:\/\/aniro.pl\/wp-content\/uploads\/2016\/04\/kwadrat.png","datePublished":"2022-03-08T09:20:32+00:00","dateModified":"2024-07-09T13:04:55+00:00","description":"Wykona\u0142e\u015b ciekaw\u0105 realizacj\u0119 z u\u017cyciem produkt\u00f3w z oferty ANIRO? Zr\u00f3b kilka zdj\u0119\u0107 i wy\u015blij je do nas. Z nades\u0142anych prac nagrodzimy najlepsz\u0105 warto\u015bciow\u0105 nagrod\u0105.","breadcrumb":{"@id":"https:\/\/aniro.pl\/integratorzy\/#breadcrumb"},"inLanguage":"en-US","potentialAction":[{"@type":"ReadAction","target":["https:\/\/aniro.pl\/integratorzy\/"]}]},{"@type":"ImageObject","inLanguage":"en-US","@id":"https:\/\/aniro.pl\/integratorzy\/#primaryimage","url":"https:\/\/aniro.pl\/wp-content\/uploads\/2016\/04\/kwadrat.png","contentUrl":"https:\/\/aniro.pl\/wp-content\/uploads\/2016\/04\/kwadrat.png"},{"@type":"BreadcrumbList","@id":"https:\/\/aniro.pl\/integratorzy\/#breadcrumb","itemListElement":[{"@type":"ListItem","position":1,"name":"Strona g\u0142\u00f3wna","item":"https:\/\/aniro.pl\/en\/"},{"@type":"ListItem","position":2,"name":"Konkurs"}]},{"@type":"WebSite","@id":"https:\/\/aniro.pl\/#website","url":"https:\/\/aniro.pl\/","name":"Aniro","description":"","publisher":{"@id":"https:\/\/aniro.pl\/#organization"},"potentialAction":[{"@type":"SearchAction","target":{"@type":"EntryPoint","urlTemplate":"https:\/\/aniro.pl\/?s={search_term_string}"},"query-input":{"@type":"PropertyValueSpecification","valueRequired":true,"valueName":"search_term_string"}}],"inLanguage":"en-US"},{"@type":"Organization","@id":"https:\/\/aniro.pl\/#organization","name":"Aniro","url":"https:\/\/aniro.pl\/","logo":{"@type":"ImageObject","inLanguage":"en-US","@id":"https:\/\/aniro.pl\/#\/schema\/logo\/image\/","url":"https:\/\/aniro.pl\/wp-content\/uploads\/2024\/09\/favicon-32x32-2.png","contentUrl":"https:\/\/aniro.pl\/wp-content\/uploads\/2024\/09\/favicon-32x32-2.png","width":32,"height":32,"caption":"Aniro"},"image":{"@id":"https:\/\/aniro.pl\/#\/schema\/logo\/image\/"}}]}},"_links":{"self":[{"href":"https:\/\/aniro.pl\/en\/wp-json\/wp\/v2\/pages\/25175","targetHints":{"allow":["GET"]}}],"collection":[{"href":"https:\/\/aniro.pl\/en\/wp-json\/wp\/v2\/pages"}],"about":[{"href":"https:\/\/aniro.pl\/en\/wp-json\/wp\/v2\/types\/page"}],"author":[{"embeddable":true,"href":"https:\/\/aniro.pl\/en\/wp-json\/wp\/v2\/users\/6"}],"replies":[{"embeddable":true,"href":"https:\/\/aniro.pl\/en\/wp-json\/wp\/v2\/comments?post=25175"}],"version-history":[{"count":1,"href":"https:\/\/aniro.pl\/en\/wp-json\/wp\/v2\/pages\/25175\/revisions"}],"predecessor-version":[{"id":33547,"href":"https:\/\/aniro.pl\/en\/wp-json\/wp\/v2\/pages\/25175\/revisions\/33547"}],"wp:attachment":[{"href":"https:\/\/aniro.pl\/en\/wp-json\/wp\/v2\/media?parent=25175"}],"curies":[{"name":"wp","href":"https:\/\/api.w.org\/{rel}","templated":true}]}}