{"id":26927,"date":"2022-07-01T12:31:08","date_gmt":"2022-07-01T10:31:08","guid":{"rendered":"https:\/\/aniro.pl\/?page_id=26927"},"modified":"2024-07-09T15:04:57","modified_gmt":"2024-07-09T13:04:57","slug":"cg-drives-softstarters-2","status":"publish","type":"page","link":"https:\/\/aniro.pl\/en\/cg-drives-softstarters-2\/","title":{"rendered":"CG Drives Softstarters"},"content":{"rendered":"<div class=\"wpb-content-wrapper\"><p>[vc_row el_class=&#8221;product-box&#8221;][vc_column width=&#8221;1\/2&#8243; el_class=&#8221;product-photo-box&#8221;][vc_column_text el_class=&#8221;product-photo&#8221;]<img loading=\"lazy\" decoding=\"async\" class=\"alignnone size-medium wp-image-1301\" src=\"https:\/\/aniro.pl\/wp-content\/uploads\/2016\/10\/soft_cg-139x300.png\" alt=\"softstarter cg\" width=\"139\" height=\"300\">[\/vc_column_text][\/vc_column][vc_column width=&#8221;1\/2&#8243; el_class=&#8221;product-details-box&#8221;][vc_column_text el_class=&#8221;product-title&#8221;]Softstartery CG Drives[\/vc_column_text][vc_column_text el_class=&#8221;product-description&#8221;]Nowa seria wydajnych softstarter\u00f3w TSA to nowe spojrzenie na konstrukcj\u0119 urz\u0105dze\u0144 do \u0142agodnego rozruchu silnik\u00f3w elektrycznych oraz zupe\u0142nie nowy poziom kontroli nap\u0119du.<\/p>\n<p><img loading=\"lazy\" decoding=\"async\" class=\"alignnone wp-image-1171\" src=\"https:\/\/aniro.pl\/wp-content\/uploads\/2016\/04\/kwadrat.png\" alt=\"kwadrat\" width=\"7\" height=\"7\">&nbsp; kompaktowa i odporna obudowa<br \/>\n<img loading=\"lazy\" decoding=\"async\" class=\"alignnone wp-image-1171\" src=\"https:\/\/aniro.pl\/wp-content\/uploads\/2016\/04\/kwadrat.png\" alt=\"kwadrat\" width=\"7\" height=\"7\">&nbsp; szeroki zakres mocy: 4kW &#8211; 1.8 MW, 200 &#8211; 690VAC<br \/>\n<img loading=\"lazy\" decoding=\"async\" class=\"alignnone wp-image-1171\" src=\"https:\/\/aniro.pl\/wp-content\/uploads\/2016\/04\/kwadrat.png\" alt=\"kwadrat\" width=\"7\" height=\"7\">&nbsp; trzy w pe\u0142ni sterowane fazy z limitem pr\u0105du<br \/>\n<img loading=\"lazy\" decoding=\"async\" class=\"alignnone wp-image-1171\" src=\"https:\/\/aniro.pl\/wp-content\/uploads\/2016\/04\/kwadrat.png\" alt=\"kwadrat\" width=\"7\" height=\"7\">&nbsp; monitor obci\u0105\u017cenia na wale silnika<br \/>\n<img loading=\"lazy\" decoding=\"async\" class=\"alignnone wp-image-1171\" src=\"https:\/\/aniro.pl\/wp-content\/uploads\/2016\/04\/kwadrat.png\" alt=\"kwadrat\" width=\"7\" height=\"7\">&nbsp; podstawowe funkcje PLC, zegar RTC (harmonogramy)<br \/>\n<img loading=\"lazy\" decoding=\"async\" class=\"alignnone wp-image-1171\" src=\"https:\/\/aniro.pl\/wp-content\/uploads\/2016\/04\/kwadrat.png\" alt=\"kwadrat\" width=\"7\" height=\"7\">&nbsp; zegar czasu rzeczywsitego (RTC)<br \/>\n<img loading=\"lazy\" decoding=\"async\" class=\"alignnone wp-image-1171\" src=\"https:\/\/aniro.pl\/wp-content\/uploads\/2016\/04\/kwadrat.png\" alt=\"kwadrat\" width=\"7\" height=\"7\">&nbsp; funkcja JOG w obu kierunkach<br \/>\n<img loading=\"lazy\" decoding=\"async\" class=\"alignnone wp-image-1171\" src=\"https:\/\/aniro.pl\/wp-content\/uploads\/2016\/04\/kwadrat.png\" alt=\"kwadrat\" width=\"7\" height=\"7\">&nbsp; szereg funkcji monitoruj\u0105cych i zabezpieczaj\u0105cych silnik[\/vc_column_text][vc_empty_space height=&#8221;20px&#8221;][vc_btn title=&#8221;Zapytaj o produkt&#8221; style=&#8221;classic&#8221; color=&#8221;inverse&#8221; css_animation=&#8221;none&#8221; link=&#8221;url:%2F%3Fpage_id%3D940%231468964878830-c2690ad2-7f90|title:Zapytaj%20o%20produkt|&#8221;][\/vc_column][\/vc_row][vc_row][vc_column][vc_empty_space][\/vc_column][\/vc_row][vc_row content_placement=&#8221;middle&#8221; el_class=&#8221;download-box&#8221;][vc_column width=&#8221;1\/6&#8243;][vc_column_text]<\/p>\n<p><strong><span style=\"font-size: 150%;\">do pobrania:<\/span><\/strong><\/p>\n<p>[\/vc_column_text][\/vc_column][vc_column width=&#8221;1\/6&#8243;][vc_raw_html el_class=&#8221;product-icon&#8221;]JTNDYSUyMGhyZWYlM0QlMjJodHRwcyUzQSUyRiUyRmZpbGVjbG91ZC5hbmlyby5wbCUyRmluZGV4LnBocCUyRnMlMkZvMUU1UmdhV2NyQ2tHU0QlMkZkb3dubG9hZCUyMiUzRUthdGFsb2clM0MlMkZhJTNF[\/vc_raw_html][\/vc_column][vc_column width=&#8221;1\/6&#8243;][vc_raw_html el_class=&#8221;product-icon&#8221;]JTNDYSUyMGhyZWYlM0QlMjJodHRwcyUzQSUyRiUyRmZpbGVjbG91ZC5hbmlyby5wbCUyRmluZGV4LnBocCUyRnMlMkZJbWxaTXExeHZWeDhKMmslMkZkb3dubG9hZCUyMiUzRUluc3RydWtjamElMjBQTCUzQyUyRmElM0U=[\/vc_raw_html][\/vc_column][vc_column width=&#8221;1\/6&#8243;][vc_raw_html el_class=&#8221;product-icon&#8221;]JTNDYSUyMGhyZWYlM0QlMjJodHRwcyUzQSUyRiUyRmZpbGVjbG91ZC5hbmlyby5wbCUyRmluZGV4LnBocCUyRnMlMkZSTlNKUGVBUW41S202bkYlMkZkb3dubG9hZCUyMiUzRUNlcnR5ZmlrYXQlMjBDRSUzQyUyRmElM0U=[\/vc_raw_html][\/vc_column][vc_column width=&#8221;1\/6&#8243;][\/vc_column][vc_column width=&#8221;1\/6&#8243;][\/vc_column][\/vc_row]<\/p>\n<\/div>","protected":false},"excerpt":{"rendered":"<p>[vc_row el_class=&#8221;product-box&#8221;][vc_column width=&#8221;1\/2&#8243; el_class=&#8221;product-photo-box&#8221;][vc_column_text el_class=&#8221;product-photo&#8221;][\/vc_column_text][\/vc_column][vc_column width=&#8221;1\/2&#8243; el_class=&#8221;product-details-box&#8221;][vc_column_text el_class=&#8221;product-title&#8221;]Softstartery CG Drives[\/vc_column_text][vc_column_text el_class=&#8221;product-description&#8221;]Nowa seria wydajnych softstarter\u00f3w TSA to nowe spojrzenie na konstrukcj\u0119 urz\u0105dze\u0144 do \u0142agodnego rozruchu silnik\u00f3w elektrycznych oraz zupe\u0142nie nowy poziom kontroli nap\u0119du. &nbsp; kompaktowa i odporna obudowa &nbsp; szeroki zakres mocy: 4kW &#8211; 1.8 MW, 200 &#8211; 690VAC &nbsp; trzy w pe\u0142ni sterowane fazy z [&hellip;]<\/p>\n","protected":false},"author":6,"featured_media":0,"parent":0,"menu_order":0,"comment_status":"closed","ping_status":"closed","template":"","meta":{"_acf_changed":false,"footnotes":""},"class_list":["post-26927","page","type-page","status-publish","hentry"],"acf":[],"yoast_head":"<!-- This site is optimized with the Yoast SEO plugin v27.4 - https:\/\/yoast.com\/product\/yoast-seo-wordpress\/ -->\n<title>CG Drives Softstarters - Aniro<\/title>\n<meta name=\"robots\" content=\"index, follow, max-snippet:-1, max-image-preview:large, max-video-preview:-1\" \/>\n<link rel=\"canonical\" href=\"https:\/\/aniro.pl\/softstarty-ls-electric\/\" \/>\n<meta property=\"og:locale\" content=\"en_US\" \/>\n<meta property=\"og:type\" content=\"article\" \/>\n<meta property=\"og:title\" content=\"CG Drives Softstarters - Aniro\" \/>\n<meta property=\"og:description\" content=\"[vc_row el_class=&#8221;product-box&#8221;][vc_column width=&#8221;1\/2&#8243; el_class=&#8221;product-photo-box&#8221;][vc_column_text el_class=&#8221;product-photo&#8221;][\/vc_column_text][\/vc_column][vc_column width=&#8221;1\/2&#8243; el_class=&#8221;product-details-box&#8221;][vc_column_text el_class=&#8221;product-title&#8221;]Softstartery CG Drives[\/vc_column_text][vc_column_text el_class=&#8221;product-description&#8221;]Nowa seria wydajnych softstarter\u00f3w TSA to nowe spojrzenie na konstrukcj\u0119 urz\u0105dze\u0144 do \u0142agodnego rozruchu silnik\u00f3w elektrycznych oraz zupe\u0142nie nowy poziom kontroli nap\u0119du. &nbsp; kompaktowa i odporna obudowa &nbsp; szeroki zakres mocy: 4kW &#8211; 1.8 MW, 200 &#8211; 690VAC &nbsp; trzy w pe\u0142ni sterowane fazy z [&hellip;]\" \/>\n<meta property=\"og:url\" content=\"https:\/\/aniro.pl\/softstarty-ls-electric\/\" \/>\n<meta property=\"og:site_name\" content=\"Aniro\" \/>\n<meta property=\"article:modified_time\" content=\"2024-07-09T13:04:57+00:00\" \/>\n<meta property=\"og:image\" content=\"https:\/\/aniro.pl\/wp-content\/uploads\/2016\/10\/soft_cg-139x300.png\" \/>\n<meta name=\"twitter:card\" content=\"summary_large_image\" \/>\n<meta name=\"twitter:label1\" content=\"Est. reading time\" \/>\n\t<meta name=\"twitter:data1\" content=\"3 minutes\" \/>\n<script type=\"application\/ld+json\" class=\"yoast-schema-graph\">{\"@context\":\"https:\\\/\\\/schema.org\",\"@graph\":[{\"@type\":\"WebPage\",\"@id\":\"https:\\\/\\\/aniro.pl\\\/softstarty-ls-electric\\\/\",\"url\":\"https:\\\/\\\/aniro.pl\\\/softstarty-ls-electric\\\/\",\"name\":\"CG Drives Softstarters - Aniro\",\"isPartOf\":{\"@id\":\"https:\\\/\\\/aniro.pl\\\/#website\"},\"primaryImageOfPage\":{\"@id\":\"https:\\\/\\\/aniro.pl\\\/softstarty-ls-electric\\\/#primaryimage\"},\"image\":{\"@id\":\"https:\\\/\\\/aniro.pl\\\/softstarty-ls-electric\\\/#primaryimage\"},\"thumbnailUrl\":\"https:\\\/\\\/aniro.pl\\\/wp-content\\\/uploads\\\/2016\\\/10\\\/soft_cg-139x300.png\",\"datePublished\":\"2022-07-01T10:31:08+00:00\",\"dateModified\":\"2024-07-09T13:04:57+00:00\",\"breadcrumb\":{\"@id\":\"https:\\\/\\\/aniro.pl\\\/softstarty-ls-electric\\\/#breadcrumb\"},\"inLanguage\":\"en-US\",\"potentialAction\":[{\"@type\":\"ReadAction\",\"target\":[\"https:\\\/\\\/aniro.pl\\\/softstarty-ls-electric\\\/\"]}]},{\"@type\":\"ImageObject\",\"inLanguage\":\"en-US\",\"@id\":\"https:\\\/\\\/aniro.pl\\\/softstarty-ls-electric\\\/#primaryimage\",\"url\":\"https:\\\/\\\/aniro.pl\\\/wp-content\\\/uploads\\\/2016\\\/10\\\/soft_cg-139x300.png\",\"contentUrl\":\"https:\\\/\\\/aniro.pl\\\/wp-content\\\/uploads\\\/2016\\\/10\\\/soft_cg-139x300.png\"},{\"@type\":\"BreadcrumbList\",\"@id\":\"https:\\\/\\\/aniro.pl\\\/softstarty-ls-electric\\\/#breadcrumb\",\"itemListElement\":[{\"@type\":\"ListItem\",\"position\":1,\"name\":\"Strona g\u0142\u00f3wna\",\"item\":\"https:\\\/\\\/aniro.pl\\\/en\\\/\"},{\"@type\":\"ListItem\",\"position\":2,\"name\":\"CG Drives Softstarters\"}]},{\"@type\":\"WebSite\",\"@id\":\"https:\\\/\\\/aniro.pl\\\/#website\",\"url\":\"https:\\\/\\\/aniro.pl\\\/\",\"name\":\"Aniro\",\"description\":\"\",\"publisher\":{\"@id\":\"https:\\\/\\\/aniro.pl\\\/#organization\"},\"potentialAction\":[{\"@type\":\"SearchAction\",\"target\":{\"@type\":\"EntryPoint\",\"urlTemplate\":\"https:\\\/\\\/aniro.pl\\\/?s={search_term_string}\"},\"query-input\":{\"@type\":\"PropertyValueSpecification\",\"valueRequired\":true,\"valueName\":\"search_term_string\"}}],\"inLanguage\":\"en-US\"},{\"@type\":\"Organization\",\"@id\":\"https:\\\/\\\/aniro.pl\\\/#organization\",\"name\":\"Aniro\",\"url\":\"https:\\\/\\\/aniro.pl\\\/\",\"logo\":{\"@type\":\"ImageObject\",\"inLanguage\":\"en-US\",\"@id\":\"https:\\\/\\\/aniro.pl\\\/#\\\/schema\\\/logo\\\/image\\\/\",\"url\":\"https:\\\/\\\/aniro.pl\\\/wp-content\\\/uploads\\\/2024\\\/09\\\/favicon-32x32-2.png\",\"contentUrl\":\"https:\\\/\\\/aniro.pl\\\/wp-content\\\/uploads\\\/2024\\\/09\\\/favicon-32x32-2.png\",\"width\":32,\"height\":32,\"caption\":\"Aniro\"},\"image\":{\"@id\":\"https:\\\/\\\/aniro.pl\\\/#\\\/schema\\\/logo\\\/image\\\/\"}}]}<\/script>\n<!-- \/ Yoast SEO plugin. -->","yoast_head_json":{"title":"CG Drives Softstarters - Aniro","robots":{"index":"index","follow":"follow","max-snippet":"max-snippet:-1","max-image-preview":"max-image-preview:large","max-video-preview":"max-video-preview:-1"},"canonical":"https:\/\/aniro.pl\/softstarty-ls-electric\/","og_locale":"en_US","og_type":"article","og_title":"CG Drives Softstarters - Aniro","og_description":"[vc_row el_class=&#8221;product-box&#8221;][vc_column width=&#8221;1\/2&#8243; el_class=&#8221;product-photo-box&#8221;][vc_column_text el_class=&#8221;product-photo&#8221;][\/vc_column_text][\/vc_column][vc_column width=&#8221;1\/2&#8243; el_class=&#8221;product-details-box&#8221;][vc_column_text el_class=&#8221;product-title&#8221;]Softstartery CG Drives[\/vc_column_text][vc_column_text el_class=&#8221;product-description&#8221;]Nowa seria wydajnych softstarter\u00f3w TSA to nowe spojrzenie na konstrukcj\u0119 urz\u0105dze\u0144 do \u0142agodnego rozruchu silnik\u00f3w elektrycznych oraz zupe\u0142nie nowy poziom kontroli nap\u0119du. &nbsp; kompaktowa i odporna obudowa &nbsp; szeroki zakres mocy: 4kW &#8211; 1.8 MW, 200 &#8211; 690VAC &nbsp; trzy w pe\u0142ni sterowane fazy z [&hellip;]","og_url":"https:\/\/aniro.pl\/softstarty-ls-electric\/","og_site_name":"Aniro","article_modified_time":"2024-07-09T13:04:57+00:00","og_image":[{"url":"https:\/\/aniro.pl\/wp-content\/uploads\/2016\/10\/soft_cg-139x300.png","type":"","width":"","height":""}],"twitter_card":"summary_large_image","twitter_misc":{"Est. reading time":"3 minutes"},"schema":{"@context":"https:\/\/schema.org","@graph":[{"@type":"WebPage","@id":"https:\/\/aniro.pl\/softstarty-ls-electric\/","url":"https:\/\/aniro.pl\/softstarty-ls-electric\/","name":"CG Drives Softstarters - Aniro","isPartOf":{"@id":"https:\/\/aniro.pl\/#website"},"primaryImageOfPage":{"@id":"https:\/\/aniro.pl\/softstarty-ls-electric\/#primaryimage"},"image":{"@id":"https:\/\/aniro.pl\/softstarty-ls-electric\/#primaryimage"},"thumbnailUrl":"https:\/\/aniro.pl\/wp-content\/uploads\/2016\/10\/soft_cg-139x300.png","datePublished":"2022-07-01T10:31:08+00:00","dateModified":"2024-07-09T13:04:57+00:00","breadcrumb":{"@id":"https:\/\/aniro.pl\/softstarty-ls-electric\/#breadcrumb"},"inLanguage":"en-US","potentialAction":[{"@type":"ReadAction","target":["https:\/\/aniro.pl\/softstarty-ls-electric\/"]}]},{"@type":"ImageObject","inLanguage":"en-US","@id":"https:\/\/aniro.pl\/softstarty-ls-electric\/#primaryimage","url":"https:\/\/aniro.pl\/wp-content\/uploads\/2016\/10\/soft_cg-139x300.png","contentUrl":"https:\/\/aniro.pl\/wp-content\/uploads\/2016\/10\/soft_cg-139x300.png"},{"@type":"BreadcrumbList","@id":"https:\/\/aniro.pl\/softstarty-ls-electric\/#breadcrumb","itemListElement":[{"@type":"ListItem","position":1,"name":"Strona g\u0142\u00f3wna","item":"https:\/\/aniro.pl\/en\/"},{"@type":"ListItem","position":2,"name":"CG Drives Softstarters"}]},{"@type":"WebSite","@id":"https:\/\/aniro.pl\/#website","url":"https:\/\/aniro.pl\/","name":"Aniro","description":"","publisher":{"@id":"https:\/\/aniro.pl\/#organization"},"potentialAction":[{"@type":"SearchAction","target":{"@type":"EntryPoint","urlTemplate":"https:\/\/aniro.pl\/?s={search_term_string}"},"query-input":{"@type":"PropertyValueSpecification","valueRequired":true,"valueName":"search_term_string"}}],"inLanguage":"en-US"},{"@type":"Organization","@id":"https:\/\/aniro.pl\/#organization","name":"Aniro","url":"https:\/\/aniro.pl\/","logo":{"@type":"ImageObject","inLanguage":"en-US","@id":"https:\/\/aniro.pl\/#\/schema\/logo\/image\/","url":"https:\/\/aniro.pl\/wp-content\/uploads\/2024\/09\/favicon-32x32-2.png","contentUrl":"https:\/\/aniro.pl\/wp-content\/uploads\/2024\/09\/favicon-32x32-2.png","width":32,"height":32,"caption":"Aniro"},"image":{"@id":"https:\/\/aniro.pl\/#\/schema\/logo\/image\/"}}]}},"_links":{"self":[{"href":"https:\/\/aniro.pl\/en\/wp-json\/wp\/v2\/pages\/26927","targetHints":{"allow":["GET"]}}],"collection":[{"href":"https:\/\/aniro.pl\/en\/wp-json\/wp\/v2\/pages"}],"about":[{"href":"https:\/\/aniro.pl\/en\/wp-json\/wp\/v2\/types\/page"}],"author":[{"embeddable":true,"href":"https:\/\/aniro.pl\/en\/wp-json\/wp\/v2\/users\/6"}],"replies":[{"embeddable":true,"href":"https:\/\/aniro.pl\/en\/wp-json\/wp\/v2\/comments?post=26927"}],"version-history":[{"count":1,"href":"https:\/\/aniro.pl\/en\/wp-json\/wp\/v2\/pages\/26927\/revisions"}],"predecessor-version":[{"id":33562,"href":"https:\/\/aniro.pl\/en\/wp-json\/wp\/v2\/pages\/26927\/revisions\/33562"}],"wp:attachment":[{"href":"https:\/\/aniro.pl\/en\/wp-json\/wp\/v2\/media?parent=26927"}],"curies":[{"name":"wp","href":"https:\/\/api.w.org\/{rel}","templated":true}]}}