{"id":30504,"date":"2023-07-06T11:09:47","date_gmt":"2023-07-06T09:09:47","guid":{"rendered":"https:\/\/aniro.pl\/?page_id=30504"},"modified":"2024-07-09T15:05:07","modified_gmt":"2024-07-09T13:05:07","slug":"roboty-2","status":"publish","type":"page","link":"https:\/\/aniro.pl\/en\/roboty-2\/","title":{"rendered":"Roboty"},"content":{"rendered":"<div class=\"wpb-content-wrapper\"><p>[vc_row el_class=&#8221;product-box&#8221;][vc_column width=&#8221;1\/2&#8243; el_class=&#8221;ui-kon-photo no-mobile&#8221;][vc_column_text]<img loading=\"lazy\" decoding=\"async\" class=\"ui-kon-s1 alignnone wp-image-4756 size-full\" src=\"https:\/\/aniro.pl\/wp-content\/uploads\/2017\/06\/136x280.png\" alt=\"\" width=\"136\" height=\"280\"><img loading=\"lazy\" decoding=\"async\" class=\"ui-kon-s2 alignnone wp-image-4767 size-full\" src=\"https:\/\/aniro.pl\/wp-content\/uploads\/2017\/06\/424x152.png\" alt=\"\" width=\"424\" height=\"152\"><img loading=\"lazy\" decoding=\"async\" class=\"ui-kon-s3 alignnone wp-image-5034 size-full\" src=\"https:\/\/aniro.pl\/wp-content\/uploads\/2017\/07\/280x263.png\" alt=\"\" width=\"280\" height=\"263\"><img loading=\"lazy\" decoding=\"async\" class=\"ui-kon-s4 alignnone wp-image-4769 size-full\" src=\"https:\/\/aniro.pl\/wp-content\/uploads\/2017\/06\/136x263-1.png\" alt=\"\" width=\"136\" height=\"263\"><img loading=\"lazy\" decoding=\"async\" class=\"ui-kon-s5 alignnone wp-image-4770 size-full\" src=\"https:\/\/aniro.pl\/wp-content\/uploads\/2017\/06\/136x136-1.png\" alt=\"\" width=\"136\" height=\"136\">[\/vc_column_text][\/vc_column][vc_column width=&#8221;1\/2&#8243; el_class=&#8221;product-details-box&#8221;][vc_column_text el_class=&#8221;product-title&#8221;]<\/p>\n<h2>Roboty<\/h2>\n<p>[\/vc_column_text][vc_column_text el_class=&#8221;product-description&#8221;]Roboty s\u0105 ju\u017c obowi\u0105zkowym elementem linii produkcyjnych we wszystkich bran\u017cach, na wielu etapach produkcji. Odpowiednio dobrane i skonfigurowane zapewniaj\u0105 konkurencyjno\u015b\u0107 i zwi\u0119kszaj\u0105 wydajno\u015b\u0107 zak\u0142adu produkcyjnego. Wprowadzenie robot\u00f3w zapewnia lepsz\u0105 jako\u015b\u0107 produkowanych artyku\u0142\u00f3w, optymalizacj\u0119 proces\u00f3w oraz pozwala precyzyjnie planowa\u0107 ca\u0142y proces produkcji. Roboty s\u0105 r\u00f3wnie\u017c kluczowym elementem koncepcji Fabryka 4.0 zyskuj\u0105cej na popularno\u015bci i kreuj\u0105cej rozw\u00f3j przemys\u0142u.<\/p>\n<p>ANIRO we wsp\u00f3\u0142pracy z firm\u0105 ASTOR oferuje swoim Klientom rozwi\u0105zania z wykorzystaniem robot\u00f3w:<\/p>\n<p><img loading=\"lazy\" decoding=\"async\" class=\"alignnone wp-image-4991\" src=\"https:\/\/aniro.pl\/wp-content\/uploads\/2016\/04\/kwadrat.png\" alt=\"kwadrat\" width=\"7\" height=\"7\">&nbsp; Zrobotyzowana obs\u0142uga maszyn<br \/>\n<img loading=\"lazy\" decoding=\"async\" class=\"alignnone wp-image-4991\" src=\"https:\/\/aniro.pl\/wp-content\/uploads\/2016\/04\/kwadrat.png\" alt=\"kwadrat\" width=\"7\" height=\"7\">&nbsp; Zrobotyzowana paletyzacja i pakowanie<br \/>\n<img loading=\"lazy\" decoding=\"async\" class=\"alignnone wp-image-4991\" src=\"https:\/\/aniro.pl\/wp-content\/uploads\/2016\/04\/kwadrat.png\" alt=\"kwadrat\" width=\"7\" height=\"7\">&nbsp; Zrobotyzowane malowanie<br \/>\n<img loading=\"lazy\" decoding=\"async\" class=\"alignnone wp-image-4991\" src=\"https:\/\/aniro.pl\/wp-content\/uploads\/2016\/04\/kwadrat.png\" alt=\"kwadrat\" width=\"7\" height=\"7\">&nbsp; Zrobotyzowane klejenie \/ dystrybucja<br \/>\n<img loading=\"lazy\" decoding=\"async\" class=\"alignnone wp-image-4991\" src=\"https:\/\/aniro.pl\/wp-content\/uploads\/2016\/04\/kwadrat.png\" alt=\"kwadrat\" width=\"7\" height=\"7\">&nbsp; Pick &amp; Place<\/p>\n<p><img loading=\"lazy\" decoding=\"async\" class=\"wp-image-4937 alignnone\" src=\"https:\/\/aniro.pl\/wp-content\/uploads\/2017\/09\/logo_Astor.png\" alt=\"\" width=\"131\" height=\"32\"><\/p>\n<p>&nbsp;<\/p>\n<p>ANIRO posiada r\u00f3wnie\u017c w swojej ofercie roboty marki Universal Robots, kt\u00f3re automatyzuj\u0105 zadania do 10 kg brutto.<\/p>\n<p><img loading=\"lazy\" decoding=\"async\" class=\"alignnone wp-image-3923\" src=\"https:\/\/aniro.pl\/wp-content\/uploads\/2017\/06\/ur-1024x83.png\" alt=\"\" width=\"198\" height=\"16\" srcset=\"https:\/\/aniro.pl\/wp-content\/uploads\/2017\/06\/ur-1024x83.png 1024w, https:\/\/aniro.pl\/wp-content\/uploads\/2017\/06\/ur-300x24.png 300w, https:\/\/aniro.pl\/wp-content\/uploads\/2017\/06\/ur-768x62.png 768w, https:\/\/aniro.pl\/wp-content\/uploads\/2017\/06\/ur-1536x124.png 1536w, https:\/\/aniro.pl\/wp-content\/uploads\/2017\/06\/ur.png 1878w\" sizes=\"auto, (max-width: 198px) 100vw, 198px\" \/><\/p>\n<p>&nbsp;[\/vc_column_text][\/vc_column][\/vc_row]<\/p>\n<\/div>","protected":false},"excerpt":{"rendered":"<p>[vc_row el_class=&#8221;product-box&#8221;][vc_column width=&#8221;1\/2&#8243; el_class=&#8221;ui-kon-photo no-mobile&#8221;][vc_column_text][\/vc_column_text][\/vc_column][vc_column width=&#8221;1\/2&#8243; el_class=&#8221;product-details-box&#8221;][vc_column_text el_class=&#8221;product-title&#8221;] Roboty [\/vc_column_text][vc_column_text el_class=&#8221;product-description&#8221;]Roboty s\u0105 ju\u017c obowi\u0105zkowym elementem linii produkcyjnych we wszystkich bran\u017cach, na wielu etapach produkcji. Odpowiednio dobrane i skonfigurowane zapewniaj\u0105 konkurencyjno\u015b\u0107 i zwi\u0119kszaj\u0105 wydajno\u015b\u0107 zak\u0142adu produkcyjnego. Wprowadzenie robot\u00f3w zapewnia lepsz\u0105 jako\u015b\u0107 produkowanych artyku\u0142\u00f3w, optymalizacj\u0119 proces\u00f3w oraz pozwala precyzyjnie planowa\u0107 ca\u0142y proces produkcji. Roboty s\u0105 r\u00f3wnie\u017c kluczowym [&hellip;]<\/p>\n","protected":false},"author":6,"featured_media":0,"parent":0,"menu_order":0,"comment_status":"closed","ping_status":"closed","template":"","meta":{"_acf_changed":false,"footnotes":""},"class_list":["post-30504","page","type-page","status-publish","hentry"],"acf":[],"yoast_head":"<!-- This site is optimized with the Yoast SEO plugin v27.3 - https:\/\/yoast.com\/product\/yoast-seo-wordpress\/ -->\n<title>Roboty - Aniro<\/title>\n<meta name=\"robots\" content=\"index, follow, max-snippet:-1, max-image-preview:large, max-video-preview:-1\" \/>\n<link rel=\"canonical\" href=\"https:\/\/aniro.pl\/zasilacze-awaryjne-ups\/\" \/>\n<meta property=\"og:locale\" content=\"en_US\" \/>\n<meta property=\"og:type\" content=\"article\" \/>\n<meta property=\"og:title\" content=\"Roboty - Aniro\" \/>\n<meta property=\"og:description\" content=\"[vc_row el_class=&#8221;product-box&#8221;][vc_column width=&#8221;1\/2&#8243; el_class=&#8221;ui-kon-photo no-mobile&#8221;][vc_column_text][\/vc_column_text][\/vc_column][vc_column width=&#8221;1\/2&#8243; el_class=&#8221;product-details-box&#8221;][vc_column_text el_class=&#8221;product-title&#8221;] Roboty [\/vc_column_text][vc_column_text el_class=&#8221;product-description&#8221;]Roboty s\u0105 ju\u017c obowi\u0105zkowym elementem linii produkcyjnych we wszystkich bran\u017cach, na wielu etapach produkcji. Odpowiednio dobrane i skonfigurowane zapewniaj\u0105 konkurencyjno\u015b\u0107 i zwi\u0119kszaj\u0105 wydajno\u015b\u0107 zak\u0142adu produkcyjnego. Wprowadzenie robot\u00f3w zapewnia lepsz\u0105 jako\u015b\u0107 produkowanych artyku\u0142\u00f3w, optymalizacj\u0119 proces\u00f3w oraz pozwala precyzyjnie planowa\u0107 ca\u0142y proces produkcji. Roboty s\u0105 r\u00f3wnie\u017c kluczowym [&hellip;]\" \/>\n<meta property=\"og:url\" content=\"https:\/\/aniro.pl\/zasilacze-awaryjne-ups\/\" \/>\n<meta property=\"og:site_name\" content=\"Aniro\" \/>\n<meta property=\"article:modified_time\" content=\"2024-07-09T13:05:07+00:00\" \/>\n<meta property=\"og:image\" content=\"https:\/\/aniro.pl\/wp-content\/uploads\/2017\/06\/136x280.png\" \/>\n<meta name=\"twitter:card\" content=\"summary_large_image\" \/>\n<meta name=\"twitter:label1\" content=\"Est. reading time\" \/>\n\t<meta name=\"twitter:data1\" content=\"1 minute\" \/>\n<script type=\"application\/ld+json\" class=\"yoast-schema-graph\">{\"@context\":\"https:\\\/\\\/schema.org\",\"@graph\":[{\"@type\":\"WebPage\",\"@id\":\"https:\\\/\\\/aniro.pl\\\/zasilacze-awaryjne-ups\\\/\",\"url\":\"https:\\\/\\\/aniro.pl\\\/zasilacze-awaryjne-ups\\\/\",\"name\":\"Roboty - Aniro\",\"isPartOf\":{\"@id\":\"https:\\\/\\\/aniro.pl\\\/#website\"},\"primaryImageOfPage\":{\"@id\":\"https:\\\/\\\/aniro.pl\\\/zasilacze-awaryjne-ups\\\/#primaryimage\"},\"image\":{\"@id\":\"https:\\\/\\\/aniro.pl\\\/zasilacze-awaryjne-ups\\\/#primaryimage\"},\"thumbnailUrl\":\"https:\\\/\\\/aniro.pl\\\/wp-content\\\/uploads\\\/2017\\\/06\\\/136x280.png\",\"datePublished\":\"2023-07-06T09:09:47+00:00\",\"dateModified\":\"2024-07-09T13:05:07+00:00\",\"breadcrumb\":{\"@id\":\"https:\\\/\\\/aniro.pl\\\/zasilacze-awaryjne-ups\\\/#breadcrumb\"},\"inLanguage\":\"en-US\",\"potentialAction\":[{\"@type\":\"ReadAction\",\"target\":[\"https:\\\/\\\/aniro.pl\\\/zasilacze-awaryjne-ups\\\/\"]}]},{\"@type\":\"ImageObject\",\"inLanguage\":\"en-US\",\"@id\":\"https:\\\/\\\/aniro.pl\\\/zasilacze-awaryjne-ups\\\/#primaryimage\",\"url\":\"https:\\\/\\\/aniro.pl\\\/wp-content\\\/uploads\\\/2017\\\/06\\\/136x280.png\",\"contentUrl\":\"https:\\\/\\\/aniro.pl\\\/wp-content\\\/uploads\\\/2017\\\/06\\\/136x280.png\"},{\"@type\":\"BreadcrumbList\",\"@id\":\"https:\\\/\\\/aniro.pl\\\/zasilacze-awaryjne-ups\\\/#breadcrumb\",\"itemListElement\":[{\"@type\":\"ListItem\",\"position\":1,\"name\":\"Strona g\u0142\u00f3wna\",\"item\":\"https:\\\/\\\/aniro.pl\\\/en\\\/\"},{\"@type\":\"ListItem\",\"position\":2,\"name\":\"Roboty\"}]},{\"@type\":\"WebSite\",\"@id\":\"https:\\\/\\\/aniro.pl\\\/#website\",\"url\":\"https:\\\/\\\/aniro.pl\\\/\",\"name\":\"Aniro\",\"description\":\"\",\"publisher\":{\"@id\":\"https:\\\/\\\/aniro.pl\\\/#organization\"},\"potentialAction\":[{\"@type\":\"SearchAction\",\"target\":{\"@type\":\"EntryPoint\",\"urlTemplate\":\"https:\\\/\\\/aniro.pl\\\/?s={search_term_string}\"},\"query-input\":{\"@type\":\"PropertyValueSpecification\",\"valueRequired\":true,\"valueName\":\"search_term_string\"}}],\"inLanguage\":\"en-US\"},{\"@type\":\"Organization\",\"@id\":\"https:\\\/\\\/aniro.pl\\\/#organization\",\"name\":\"Aniro\",\"url\":\"https:\\\/\\\/aniro.pl\\\/\",\"logo\":{\"@type\":\"ImageObject\",\"inLanguage\":\"en-US\",\"@id\":\"https:\\\/\\\/aniro.pl\\\/#\\\/schema\\\/logo\\\/image\\\/\",\"url\":\"https:\\\/\\\/aniro.pl\\\/wp-content\\\/uploads\\\/2024\\\/09\\\/favicon-32x32-2.png\",\"contentUrl\":\"https:\\\/\\\/aniro.pl\\\/wp-content\\\/uploads\\\/2024\\\/09\\\/favicon-32x32-2.png\",\"width\":32,\"height\":32,\"caption\":\"Aniro\"},\"image\":{\"@id\":\"https:\\\/\\\/aniro.pl\\\/#\\\/schema\\\/logo\\\/image\\\/\"}}]}<\/script>\n<!-- \/ Yoast SEO plugin. -->","yoast_head_json":{"title":"Roboty - Aniro","robots":{"index":"index","follow":"follow","max-snippet":"max-snippet:-1","max-image-preview":"max-image-preview:large","max-video-preview":"max-video-preview:-1"},"canonical":"https:\/\/aniro.pl\/zasilacze-awaryjne-ups\/","og_locale":"en_US","og_type":"article","og_title":"Roboty - Aniro","og_description":"[vc_row el_class=&#8221;product-box&#8221;][vc_column width=&#8221;1\/2&#8243; el_class=&#8221;ui-kon-photo no-mobile&#8221;][vc_column_text][\/vc_column_text][\/vc_column][vc_column width=&#8221;1\/2&#8243; el_class=&#8221;product-details-box&#8221;][vc_column_text el_class=&#8221;product-title&#8221;] Roboty [\/vc_column_text][vc_column_text el_class=&#8221;product-description&#8221;]Roboty s\u0105 ju\u017c obowi\u0105zkowym elementem linii produkcyjnych we wszystkich bran\u017cach, na wielu etapach produkcji. Odpowiednio dobrane i skonfigurowane zapewniaj\u0105 konkurencyjno\u015b\u0107 i zwi\u0119kszaj\u0105 wydajno\u015b\u0107 zak\u0142adu produkcyjnego. Wprowadzenie robot\u00f3w zapewnia lepsz\u0105 jako\u015b\u0107 produkowanych artyku\u0142\u00f3w, optymalizacj\u0119 proces\u00f3w oraz pozwala precyzyjnie planowa\u0107 ca\u0142y proces produkcji. Roboty s\u0105 r\u00f3wnie\u017c kluczowym [&hellip;]","og_url":"https:\/\/aniro.pl\/zasilacze-awaryjne-ups\/","og_site_name":"Aniro","article_modified_time":"2024-07-09T13:05:07+00:00","og_image":[{"url":"https:\/\/aniro.pl\/wp-content\/uploads\/2017\/06\/136x280.png","type":"","width":"","height":""}],"twitter_card":"summary_large_image","twitter_misc":{"Est. reading time":"1 minute"},"schema":{"@context":"https:\/\/schema.org","@graph":[{"@type":"WebPage","@id":"https:\/\/aniro.pl\/zasilacze-awaryjne-ups\/","url":"https:\/\/aniro.pl\/zasilacze-awaryjne-ups\/","name":"Roboty - Aniro","isPartOf":{"@id":"https:\/\/aniro.pl\/#website"},"primaryImageOfPage":{"@id":"https:\/\/aniro.pl\/zasilacze-awaryjne-ups\/#primaryimage"},"image":{"@id":"https:\/\/aniro.pl\/zasilacze-awaryjne-ups\/#primaryimage"},"thumbnailUrl":"https:\/\/aniro.pl\/wp-content\/uploads\/2017\/06\/136x280.png","datePublished":"2023-07-06T09:09:47+00:00","dateModified":"2024-07-09T13:05:07+00:00","breadcrumb":{"@id":"https:\/\/aniro.pl\/zasilacze-awaryjne-ups\/#breadcrumb"},"inLanguage":"en-US","potentialAction":[{"@type":"ReadAction","target":["https:\/\/aniro.pl\/zasilacze-awaryjne-ups\/"]}]},{"@type":"ImageObject","inLanguage":"en-US","@id":"https:\/\/aniro.pl\/zasilacze-awaryjne-ups\/#primaryimage","url":"https:\/\/aniro.pl\/wp-content\/uploads\/2017\/06\/136x280.png","contentUrl":"https:\/\/aniro.pl\/wp-content\/uploads\/2017\/06\/136x280.png"},{"@type":"BreadcrumbList","@id":"https:\/\/aniro.pl\/zasilacze-awaryjne-ups\/#breadcrumb","itemListElement":[{"@type":"ListItem","position":1,"name":"Strona g\u0142\u00f3wna","item":"https:\/\/aniro.pl\/en\/"},{"@type":"ListItem","position":2,"name":"Roboty"}]},{"@type":"WebSite","@id":"https:\/\/aniro.pl\/#website","url":"https:\/\/aniro.pl\/","name":"Aniro","description":"","publisher":{"@id":"https:\/\/aniro.pl\/#organization"},"potentialAction":[{"@type":"SearchAction","target":{"@type":"EntryPoint","urlTemplate":"https:\/\/aniro.pl\/?s={search_term_string}"},"query-input":{"@type":"PropertyValueSpecification","valueRequired":true,"valueName":"search_term_string"}}],"inLanguage":"en-US"},{"@type":"Organization","@id":"https:\/\/aniro.pl\/#organization","name":"Aniro","url":"https:\/\/aniro.pl\/","logo":{"@type":"ImageObject","inLanguage":"en-US","@id":"https:\/\/aniro.pl\/#\/schema\/logo\/image\/","url":"https:\/\/aniro.pl\/wp-content\/uploads\/2024\/09\/favicon-32x32-2.png","contentUrl":"https:\/\/aniro.pl\/wp-content\/uploads\/2024\/09\/favicon-32x32-2.png","width":32,"height":32,"caption":"Aniro"},"image":{"@id":"https:\/\/aniro.pl\/#\/schema\/logo\/image\/"}}]}},"_links":{"self":[{"href":"https:\/\/aniro.pl\/en\/wp-json\/wp\/v2\/pages\/30504","targetHints":{"allow":["GET"]}}],"collection":[{"href":"https:\/\/aniro.pl\/en\/wp-json\/wp\/v2\/pages"}],"about":[{"href":"https:\/\/aniro.pl\/en\/wp-json\/wp\/v2\/types\/page"}],"author":[{"embeddable":true,"href":"https:\/\/aniro.pl\/en\/wp-json\/wp\/v2\/users\/6"}],"replies":[{"embeddable":true,"href":"https:\/\/aniro.pl\/en\/wp-json\/wp\/v2\/comments?post=30504"}],"version-history":[{"count":1,"href":"https:\/\/aniro.pl\/en\/wp-json\/wp\/v2\/pages\/30504\/revisions"}],"predecessor-version":[{"id":33604,"href":"https:\/\/aniro.pl\/en\/wp-json\/wp\/v2\/pages\/30504\/revisions\/33604"}],"wp:attachment":[{"href":"https:\/\/aniro.pl\/en\/wp-json\/wp\/v2\/media?parent=30504"}],"curies":[{"name":"wp","href":"https:\/\/api.w.org\/{rel}","templated":true}]}}