{"id":30613,"date":"2023-08-02T11:38:18","date_gmt":"2023-08-02T09:38:18","guid":{"rendered":"https:\/\/aniro.pl\/?page_id=30613"},"modified":"2024-07-09T15:05:08","modified_gmt":"2024-07-09T13:05:08","slug":"regulamin-szkolen-2","status":"publish","type":"page","link":"https:\/\/aniro.pl\/en\/regulamin-szkolen-2\/","title":{"rendered":"Regulamin szkole\u0144"},"content":{"rendered":"<div class=\"wpb-content-wrapper\"><p>[vc_row el_class=&#8221;product-box&#8221;][vc_column][vc_column_text el_class=&#8221;product-title&#8221;]Regulamin szkole\u0144[\/vc_column_text][\/vc_column][\/vc_row][vc_row][vc_column][vc_column_text]<strong>1. Postanowienia og\u00f3lne.<\/strong><\/p>\n<ol>\n<li>Organizatorem szkole\u0144 jest <strong>ANIRO Sp. z o.o. <\/strong>z siedzib\u0105 w Toruniu, przy ul. B. Chrobrego 64, wpisan\u0105 do Krajowego Rejestru S\u0105dowego prowadzonego przez S\u0105d Rejonowy w Toruniu, VII Wydzia\u0142 Gospodarczy KRS pod nr 0000240757, posiadaj\u0105c\u0105 numer NIP 5252336245, REGON 140144905, zwana dalej \u201eOrganizatorem\u201d.<\/li>\n<li>Firma bior\u0105ca udzia\u0142 w Szkoleniu jako prelegent lub wystawca zwana jest dalej \u201eWsp\u00f3\u0142organizatorem\u201d.<\/li>\n<li>Ka\u017cda osoba fizyczna bior\u0105ca udzia\u0142 w szkoleniu zwana jest dalej \u201eUczestnikiem\u201d<\/li>\n<li>Szkolenia b\u0119d\u0105 prowadzone przez pracownik\u00f3w Organizatora.<\/li>\n<li>Szkolenia odbywaj\u0105 si\u0119 w terminie i miejscu wskazanym przez Organizatora.<\/li>\n<li>Aktualny harmonogram szkole\u0144 jest dost\u0119pny na stronie Organizatora www.aniro.pl<\/li>\n<li>Przepisy niniejszego Regulaminu stanowi\u0105 integraln\u0105 cz\u0119\u015b\u0107 Zg\u0142oszenia uczestnictwa w Szkoleniu i obowi\u0105zuj\u0105 wszystkich Uczestnik\u00f3w. Sk\u0142adaj\u0105c Zg\u0142oszenie uczestnictwa w szkoleniu Uczestnik jednocze\u015bnie potwierdza fakt zapoznania si\u0119 z Regulaminem i zobowi\u0105zuje si\u0119 do jego przestrzegania.<\/li>\n<li>Organizator zastrzega sobie prawo do odwo\u0142ania szkolenia lub zmiany jego terminu i miejsca bez podania przyczyny. W takim przypadku Organizator powiadomi zg\u0142oszonych Uczestnik\u00f3w o stosowanych zmianach z odpowiednim wyprzedzeniem.<\/li>\n<\/ol>\n<p><strong>2. Uczestnictwo w Szkoleniu.<\/strong><\/p>\n<ol>\n<li>Warunkiem udzia\u0142u w Szkoleniu jest przes\u0142anie poprawnie wype\u0142nionego formularza \u201eZg\u0142oszenie udzia\u0142u\u201d za po\u015brednictwem strony www.aniro.pl lub otrzymanie zaproszenia od Organizatora i\/lub Wsp\u00f3\u0142organizatora.<\/li>\n<li>Po otrzymaniu przez Organizatora formularza zg\u0142oszeniowego ka\u017cdy Uczestnik otrzyma mailowo potwierdzenie wp\u0142yni\u0119cia zg\u0142oszenia na szkolenie. Nast\u0119pnie w ci\u0105gu tygodnia od wp\u0142yni\u0119cia zg\u0142oszenia Organizatora za pomoc\u0105 maila prze\u015ble do Uczestnika potwierdzenie zakwalifikowania si\u0119 na szkolenie oraz faktur\u0119 proforma lub odmow\u0119 przyj\u0119cia zg\u0142oszenia.<\/li>\n<li>Ka\u017cdy Uczestnik zobowi\u0105zany jest dokona\u0107 zap\u0142aty za szkolenie na rachunek bankowy i zgodnie z terminem wskazanym na fakturze.<\/li>\n<li>Zg\u0142aszaj\u0105c ch\u0119\u0107 uczestnictwa w Szkoleniu, za po\u015brednictwem formularza zg\u0142oszeniowego uczestnik nie nabywa prawa do uczestnictwa w Szkoleniu.<\/li>\n<li>Wy\u0142\u0105czne prawo do potwierdzenia uczestnictwa w Szkoleniu lub odmowy potwierdzenia uczestnictwa w Szkoleniu przys\u0142uguje Organizatorowi, kt\u00f3ry jest uprawniony do odmowy przyj\u0119cia zg\u0142oszenia uczestnictwa w Szkoleniu bez podania przyczyny.<\/li>\n<li>Minimalna ilo\u015b\u0107 uczestnik\u00f3w jednego Szkolenia wynosi 6 os\u00f3b, za\u015b maksymalna wynosi 10 os\u00f3b. Organizator zastrzega sobie prawo do organizacji Szkole\u0144 obejmuj\u0105cych inn\u0105 ilo\u015b\u0107 uczestnik\u00f3w.<\/li>\n<li>Ka\u017cdy uczestnik otrzyma certyfikat potwierdzaj\u0105cy uko\u0144czenie szkolenia. Warunkiem otrzymania certyfikatu jest uczestnictwo w ca\u0142o\u015bci zaj\u0119\u0107 odbywaj\u0105cych si\u0119 w ramach szkolenia.<\/li>\n<li>Koszty szkolenia obejmuj\u0105: szkolenie, materia\u0142y dydaktyczne w formie papierowej lub elektronicznej, przerwy kawowe, nocleg ze \u015bniadaniem, 1 posi\u0142ek w dniu szkolenia. Korzystanie z innych us\u0142ug oferowanych przez hotel, w kt\u00f3rym zakwaterowany zostanie Uczestnik Szkolenia pokrywa on sam w pe\u0142nej kwocie.<\/li>\n<li>Przejazd do i z miejsca, w kt\u00f3rym odbywa si\u0119 Szkolenie pokrywa w ca\u0142o\u015bci Uczestnik.<\/li>\n<\/ol>\n<p><strong>3. Rezygnacja z udzia\u0142u w Szkoleniu.<\/strong><\/p>\n<ol>\n<li>Uczestnik mo\u017ce zrezygnowa\u0107 z uczestnictwa w Szkoleniu.<\/li>\n<li>Rezygnacj\u0119 z udzia\u0142u w Szkoleniu nale\u017cy przes\u0142a\u0107 w formie pisemnej poczt\u0105 elektroniczn\u0105 na adres e-mail: <a href=\"mailto:szkolenia@aniro.pl\">szkolenia@aniro.pl<\/a>, najp\u00f3\u017aniej 14 dni przed rozpocz\u0119ciem szkolenia.<\/li>\n<li>W przypadku z\u0142o\u017cenia przez Uczestnika rezygnacji w wy\u017cej wskazanym terminie, Organizator zobowi\u0105zuje si\u0119 do zwrotu zap\u0142aconej przez Uczestnika kwoty w ca\u0142o\u015bci, w terminie 7 dni od daty otrzymania rezygnacji.<\/li>\n<li>Je\u017celi rezygnacja uczestnika w Szkoleniu wp\u0142ynie w terminie kr\u00f3tszym ni\u017c 14 dniowy ( wskazany w ust. 2 niniejszego paragrafu) Organizator nie b\u0119dzie zobowi\u0105zany do zwrotu zap\u0142aconej przez Uczestnika kwoty za uczestnictwo w szkoleniu.<\/li>\n<\/ol>\n<p><strong>4. Ochrona danych osobowych.<\/strong><\/p>\n<ol>\n<li>Wype\u0142niaj\u0105c formularz zg\u0142oszeniowy Uczestnik wyra\u017ca zgod\u0119 na przetwarzanie danych osobowych przez Organizatora, zgodnie z rozporz\u0105dzeniem Parlamentu Europejskiego i Rady (UE) 2016\/679 z dnia 27 kwietnia 2016 r. w sprawie ochrony os\u00f3b fizycznych w zwi\u0105zku z przetwarzaniem danych osobowych i w sprawie swobodnego przep\u0142ywu takich danych oraz uchylenia dyrektywy 95\/46\/WE ( dalej zwane RODO).<\/li>\n<li>Organizator Szkolenia nie przekazuje, nie sprzedaje i nie u\u017cycza zgromadzonych danych osobowych Uczestnik\u00f3w innym podmiotom lub instytucjom. Dane osobowe podane przez Uczestnika s\u0105 traktowane jako informacje poufne i s\u0142u\u017c\u0105 do cel\u00f3w realizacji Szkolenia i komunikacji pomi\u0119dzy Uczestnikiem a Organizatorem.<\/li>\n<li>Administratorem Pa\u0144stwa danych osobowych jest <strong>ANIRO<\/strong><strong> z o.o. <\/strong>z siedzib\u0105 w Toruniu, przy ul. B. Chrobrego 64, wpisan\u0105 do Krajowego Rejestru S\u0105dowego prowadzonego przez S\u0105d Rejonowy w Toruniu, VII Wydzia\u0142 Gospodarczy KRS pod nr 0000240757, posiadaj\u0105c\u0105 numer NIP 5252336245, REGON 140144905.<\/li>\n<li>Aktualna Polityka Ochrony Danych Osobowych obowi\u0105zuj\u0105ca u Organizatora dost\u0119pna jest na stronie internetowej pod adresem: www.aniro.pl\/polityka-prywatnosci\/<\/li>\n<li>Organizator szkolenia ANIRO Sp. z o.o. o\u015bwiadcza, i\u017c dokonuje wideo i fotorejestracji Szkolenia. Decyduj\u0105c si\u0119 na udzia\u0142 w szkoleniu Uczestnik wyra\u017ca zgod\u0119 na nieodp\u0142atne wykorzystanie swojego wizerunku przez Organizatora i jest to r\u00f3wnoznaczne z wyra\u017ceniem zgody na przetwarzanie i publikacj\u0119 wizerunku Uczestnika szkolenia w celach marketingowych i promocyjnych zwi\u0105zanych z dzia\u0142alno\u015bci\u0105 szkoleniow\u0105 Organizatora oraz do cel\u00f3w kontaktowych i budowania pozytywnego wizerunku Organizatora w przestrzeni publicznej i w mediach.<\/li>\n<\/ol>\n<p><strong>5. Postanowienia ko\u0144cowe.<\/strong><\/p>\n<ol>\n<li>Szkolenia maj\u0105 charakter zamkni\u0119ty i nie stanowi\u0105 imprezy masowej w rozumieniu Ustawy z dnia 23 marca 2009 r o bezpiecze\u0144stwie imprez masowych (tj. Dz.U. z 2018 r. poz. 1870)<\/li>\n<li>Organizator o\u015bwiadcza, i\u017c nie udziela Uczestnikowi \u017cadnego tytu\u0142u w\u0142asno\u015bci do przekazywanych w materia\u0142ach szkoleniowych znak\u00f3w towarowych i logotyp\u00f3w a tak\u017ce know-how, metod, innowacji, bada\u0144 oraz cech charakterystycznych marki oraz logo Organizatora, ani te\u017c jakichkolwiek dotycz\u0105cych marek Organizatora praw do w\u0142asno\u015bci intelektualnej (w tym do nazw domen opartych na znaku towarowym czy te\u017c wszelkich kont w mediach spo\u0142eczno\u015bciowych zawieraj\u0105cych w sobie znak towarowy Organizatora).<\/li>\n<li>Wszelkie spory mog\u0105ce wynikn\u0105\u0107 z tytu\u0142u uczestnictwa w Szkoleniu b\u0119d\u0105 rozstrzygane przez s\u0105d w\u0142a\u015bciwy dla siedziby Organizatora.<\/li>\n<li>W sprawach nieuregulowanych niniejszym Regulaminem zastosowanie maj\u0105 powszechnie obowi\u0105zuj\u0105ce przepisy prawa polskiego.<\/li>\n<li>Organizator i Wsp\u00f3\u0142organizator nie ponosi odpowiedzialno\u015bci za rzeczy Uczestnik\u00f3w, kt\u00f3re mog\u0105 zosta\u0107 zgubione, zniszczone lub skradzione podczas Szkolenia.<\/li>\n<li>Uczestnicy ponosz\u0105 pe\u0142n\u0105 odpowiedzialno\u015b\u0107 materialn\u0105 za dokonane przez siebie zniszczenia zar\u00f3wno na terenie obiekt\u00f3w, w kt\u00f3rych prowadzone s\u0105 jakiekolwiek dzia\u0142ania zwi\u0105zane ze Szkoleniem, jak r\u00f3wnie\u017c w miejscach zakwaterowania.<\/li>\n<li>Organizator ma prawo zmiany postanowie\u0144 Regulaminu. Zmiany wchodz\u0105 w \u017cycie w terminie 1 dnia od daty ich opublikowania na stronie internetowej www.aniro.pl\/<\/li>\n<\/ol>\n<p>&nbsp;[\/vc_column_text][\/vc_column][\/vc_row]<\/p>\n<\/div>","protected":false},"excerpt":{"rendered":"<p>[vc_row el_class=&#8221;product-box&#8221;][vc_column][vc_column_text el_class=&#8221;product-title&#8221;]Regulamin szkole\u0144[\/vc_column_text][\/vc_column][\/vc_row][vc_row][vc_column][vc_column_text]1. Postanowienia og\u00f3lne. Organizatorem szkole\u0144 jest ANIRO Sp. z o.o. z siedzib\u0105 w Toruniu, przy ul. B. Chrobrego 64, wpisan\u0105 do Krajowego Rejestru S\u0105dowego prowadzonego przez S\u0105d Rejonowy w Toruniu, VII Wydzia\u0142 Gospodarczy KRS pod nr 0000240757, posiadaj\u0105c\u0105 numer NIP 5252336245, REGON 140144905, zwana dalej \u201eOrganizatorem\u201d. Firma bior\u0105ca udzia\u0142 w Szkoleniu jako [&hellip;]<\/p>\n","protected":false},"author":6,"featured_media":0,"parent":0,"menu_order":0,"comment_status":"closed","ping_status":"closed","template":"","meta":{"_acf_changed":false,"footnotes":""},"class_list":["post-30613","page","type-page","status-publish","hentry"],"acf":[],"yoast_head":"<!-- This site is optimized with the Yoast SEO plugin v27.3 - https:\/\/yoast.com\/product\/yoast-seo-wordpress\/ -->\n<title>Regulamin szkole\u0144 - Aniro<\/title>\n<meta name=\"robots\" content=\"index, follow, max-snippet:-1, max-image-preview:large, max-video-preview:-1\" \/>\n<link rel=\"canonical\" href=\"https:\/\/aniro.pl\/ogolne-warunki-sprzedazy\/\" \/>\n<meta property=\"og:locale\" content=\"en_US\" \/>\n<meta property=\"og:type\" content=\"article\" \/>\n<meta property=\"og:title\" content=\"Regulamin szkole\u0144 - Aniro\" \/>\n<meta property=\"og:description\" content=\"[vc_row el_class=&#8221;product-box&#8221;][vc_column][vc_column_text el_class=&#8221;product-title&#8221;]Regulamin szkole\u0144[\/vc_column_text][\/vc_column][\/vc_row][vc_row][vc_column][vc_column_text]1. Postanowienia og\u00f3lne. Organizatorem szkole\u0144 jest ANIRO Sp. z o.o. z siedzib\u0105 w Toruniu, przy ul. B. Chrobrego 64, wpisan\u0105 do Krajowego Rejestru S\u0105dowego prowadzonego przez S\u0105d Rejonowy w Toruniu, VII Wydzia\u0142 Gospodarczy KRS pod nr 0000240757, posiadaj\u0105c\u0105 numer NIP 5252336245, REGON 140144905, zwana dalej \u201eOrganizatorem\u201d. Firma bior\u0105ca udzia\u0142 w Szkoleniu jako [&hellip;]\" \/>\n<meta property=\"og:url\" content=\"https:\/\/aniro.pl\/ogolne-warunki-sprzedazy\/\" \/>\n<meta property=\"og:site_name\" content=\"Aniro\" \/>\n<meta property=\"article:modified_time\" content=\"2024-07-09T13:05:08+00:00\" \/>\n<meta name=\"twitter:card\" content=\"summary_large_image\" \/>\n<meta name=\"twitter:label1\" content=\"Est. reading time\" \/>\n\t<meta name=\"twitter:data1\" content=\"5 minutes\" \/>\n<script type=\"application\/ld+json\" class=\"yoast-schema-graph\">{\"@context\":\"https:\\\/\\\/schema.org\",\"@graph\":[{\"@type\":\"WebPage\",\"@id\":\"https:\\\/\\\/aniro.pl\\\/ogolne-warunki-sprzedazy\\\/\",\"url\":\"https:\\\/\\\/aniro.pl\\\/ogolne-warunki-sprzedazy\\\/\",\"name\":\"Regulamin szkole\u0144 - Aniro\",\"isPartOf\":{\"@id\":\"https:\\\/\\\/aniro.pl\\\/#website\"},\"datePublished\":\"2023-08-02T09:38:18+00:00\",\"dateModified\":\"2024-07-09T13:05:08+00:00\",\"breadcrumb\":{\"@id\":\"https:\\\/\\\/aniro.pl\\\/ogolne-warunki-sprzedazy\\\/#breadcrumb\"},\"inLanguage\":\"en-US\",\"potentialAction\":[{\"@type\":\"ReadAction\",\"target\":[\"https:\\\/\\\/aniro.pl\\\/ogolne-warunki-sprzedazy\\\/\"]}]},{\"@type\":\"BreadcrumbList\",\"@id\":\"https:\\\/\\\/aniro.pl\\\/ogolne-warunki-sprzedazy\\\/#breadcrumb\",\"itemListElement\":[{\"@type\":\"ListItem\",\"position\":1,\"name\":\"Strona g\u0142\u00f3wna\",\"item\":\"https:\\\/\\\/aniro.pl\\\/en\\\/\"},{\"@type\":\"ListItem\",\"position\":2,\"name\":\"Regulamin szkole\u0144\"}]},{\"@type\":\"WebSite\",\"@id\":\"https:\\\/\\\/aniro.pl\\\/#website\",\"url\":\"https:\\\/\\\/aniro.pl\\\/\",\"name\":\"Aniro\",\"description\":\"\",\"publisher\":{\"@id\":\"https:\\\/\\\/aniro.pl\\\/#organization\"},\"potentialAction\":[{\"@type\":\"SearchAction\",\"target\":{\"@type\":\"EntryPoint\",\"urlTemplate\":\"https:\\\/\\\/aniro.pl\\\/?s={search_term_string}\"},\"query-input\":{\"@type\":\"PropertyValueSpecification\",\"valueRequired\":true,\"valueName\":\"search_term_string\"}}],\"inLanguage\":\"en-US\"},{\"@type\":\"Organization\",\"@id\":\"https:\\\/\\\/aniro.pl\\\/#organization\",\"name\":\"Aniro\",\"url\":\"https:\\\/\\\/aniro.pl\\\/\",\"logo\":{\"@type\":\"ImageObject\",\"inLanguage\":\"en-US\",\"@id\":\"https:\\\/\\\/aniro.pl\\\/#\\\/schema\\\/logo\\\/image\\\/\",\"url\":\"https:\\\/\\\/aniro.pl\\\/wp-content\\\/uploads\\\/2024\\\/09\\\/favicon-32x32-2.png\",\"contentUrl\":\"https:\\\/\\\/aniro.pl\\\/wp-content\\\/uploads\\\/2024\\\/09\\\/favicon-32x32-2.png\",\"width\":32,\"height\":32,\"caption\":\"Aniro\"},\"image\":{\"@id\":\"https:\\\/\\\/aniro.pl\\\/#\\\/schema\\\/logo\\\/image\\\/\"}}]}<\/script>\n<!-- \/ Yoast SEO plugin. -->","yoast_head_json":{"title":"Regulamin szkole\u0144 - Aniro","robots":{"index":"index","follow":"follow","max-snippet":"max-snippet:-1","max-image-preview":"max-image-preview:large","max-video-preview":"max-video-preview:-1"},"canonical":"https:\/\/aniro.pl\/ogolne-warunki-sprzedazy\/","og_locale":"en_US","og_type":"article","og_title":"Regulamin szkole\u0144 - Aniro","og_description":"[vc_row el_class=&#8221;product-box&#8221;][vc_column][vc_column_text el_class=&#8221;product-title&#8221;]Regulamin szkole\u0144[\/vc_column_text][\/vc_column][\/vc_row][vc_row][vc_column][vc_column_text]1. Postanowienia og\u00f3lne. Organizatorem szkole\u0144 jest ANIRO Sp. z o.o. z siedzib\u0105 w Toruniu, przy ul. B. Chrobrego 64, wpisan\u0105 do Krajowego Rejestru S\u0105dowego prowadzonego przez S\u0105d Rejonowy w Toruniu, VII Wydzia\u0142 Gospodarczy KRS pod nr 0000240757, posiadaj\u0105c\u0105 numer NIP 5252336245, REGON 140144905, zwana dalej \u201eOrganizatorem\u201d. Firma bior\u0105ca udzia\u0142 w Szkoleniu jako [&hellip;]","og_url":"https:\/\/aniro.pl\/ogolne-warunki-sprzedazy\/","og_site_name":"Aniro","article_modified_time":"2024-07-09T13:05:08+00:00","twitter_card":"summary_large_image","twitter_misc":{"Est. reading time":"5 minutes"},"schema":{"@context":"https:\/\/schema.org","@graph":[{"@type":"WebPage","@id":"https:\/\/aniro.pl\/ogolne-warunki-sprzedazy\/","url":"https:\/\/aniro.pl\/ogolne-warunki-sprzedazy\/","name":"Regulamin szkole\u0144 - Aniro","isPartOf":{"@id":"https:\/\/aniro.pl\/#website"},"datePublished":"2023-08-02T09:38:18+00:00","dateModified":"2024-07-09T13:05:08+00:00","breadcrumb":{"@id":"https:\/\/aniro.pl\/ogolne-warunki-sprzedazy\/#breadcrumb"},"inLanguage":"en-US","potentialAction":[{"@type":"ReadAction","target":["https:\/\/aniro.pl\/ogolne-warunki-sprzedazy\/"]}]},{"@type":"BreadcrumbList","@id":"https:\/\/aniro.pl\/ogolne-warunki-sprzedazy\/#breadcrumb","itemListElement":[{"@type":"ListItem","position":1,"name":"Strona g\u0142\u00f3wna","item":"https:\/\/aniro.pl\/en\/"},{"@type":"ListItem","position":2,"name":"Regulamin szkole\u0144"}]},{"@type":"WebSite","@id":"https:\/\/aniro.pl\/#website","url":"https:\/\/aniro.pl\/","name":"Aniro","description":"","publisher":{"@id":"https:\/\/aniro.pl\/#organization"},"potentialAction":[{"@type":"SearchAction","target":{"@type":"EntryPoint","urlTemplate":"https:\/\/aniro.pl\/?s={search_term_string}"},"query-input":{"@type":"PropertyValueSpecification","valueRequired":true,"valueName":"search_term_string"}}],"inLanguage":"en-US"},{"@type":"Organization","@id":"https:\/\/aniro.pl\/#organization","name":"Aniro","url":"https:\/\/aniro.pl\/","logo":{"@type":"ImageObject","inLanguage":"en-US","@id":"https:\/\/aniro.pl\/#\/schema\/logo\/image\/","url":"https:\/\/aniro.pl\/wp-content\/uploads\/2024\/09\/favicon-32x32-2.png","contentUrl":"https:\/\/aniro.pl\/wp-content\/uploads\/2024\/09\/favicon-32x32-2.png","width":32,"height":32,"caption":"Aniro"},"image":{"@id":"https:\/\/aniro.pl\/#\/schema\/logo\/image\/"}}]}},"_links":{"self":[{"href":"https:\/\/aniro.pl\/en\/wp-json\/wp\/v2\/pages\/30613","targetHints":{"allow":["GET"]}}],"collection":[{"href":"https:\/\/aniro.pl\/en\/wp-json\/wp\/v2\/pages"}],"about":[{"href":"https:\/\/aniro.pl\/en\/wp-json\/wp\/v2\/types\/page"}],"author":[{"embeddable":true,"href":"https:\/\/aniro.pl\/en\/wp-json\/wp\/v2\/users\/6"}],"replies":[{"embeddable":true,"href":"https:\/\/aniro.pl\/en\/wp-json\/wp\/v2\/comments?post=30613"}],"version-history":[{"count":1,"href":"https:\/\/aniro.pl\/en\/wp-json\/wp\/v2\/pages\/30613\/revisions"}],"predecessor-version":[{"id":33608,"href":"https:\/\/aniro.pl\/en\/wp-json\/wp\/v2\/pages\/30613\/revisions\/33608"}],"wp:attachment":[{"href":"https:\/\/aniro.pl\/en\/wp-json\/wp\/v2\/media?parent=30613"}],"curies":[{"name":"wp","href":"https:\/\/api.w.org\/{rel}","templated":true}]}}