{"id":34169,"date":"2024-08-29T12:08:57","date_gmt":"2024-08-29T10:08:57","guid":{"rendered":"https:\/\/aniro.pl\/?page_id=34169"},"modified":"2024-10-23T10:00:36","modified_gmt":"2024-10-23T08:00:36","slug":"contact","status":"publish","type":"page","link":"https:\/\/aniro.pl\/en\/contact\/","title":{"rendered":"Contact"},"content":{"rendered":"<div class=\"wpb-content-wrapper\"><p>[vc_row][vc_column width=&#8221;1\/2&#8243;][vc_column_text]<iframe loading=\"lazy\" style=\"border: 0;\" src=\"https:\/\/www.google.com\/maps\/embed?pb=!1m18!1m12!1m3!1d2399.0464574200078!2d18.629512016109203!3d53.037502379915445!2m3!1f0!2f0!3f0!3m2!1i1024!2i768!4f13.1!3m3!1m2!1s0x470334964ea2cdc7%3A0x7e951ae539dc50d2!2sAniro+Sp.+z+o.o.+Grupa+handlowa!5e0!3m2!1spl!2spl!4v1468962820587\" width=\"568\" height=\"346\" frameborder=\"0\" allowfullscreen=\"allowfullscreen\"><\/iframe>[\/vc_column_text][vc_empty_space][vc_column_text css=&#8221;&#8221;]<\/p>\n<p style=\"text-align: left;\"><strong>Attention! Entrance to the Headquarters in Toru\u0144 via Polna Street (N 53\u00b003\u201961.23\u201d\u00a0 E 18\u00b063\u201925.60\u201d)<\/strong><\/p>\n<p style=\"text-align: left;\"><strong>\u00a0<\/strong><\/p>\n<p>[\/vc_column_text][\/vc_column][vc_column width=&#8221;1\/2&#8243; css=&#8221;.vc_custom_1468963362976{margin-left: 30px !important;}&#8221;][vc_column_text el_class=&#8221;contact-title&#8221;]<\/p>\n<h2>Contact<\/h2>\n<p>[\/vc_column_text][vc_row_inner][vc_column_inner width=&#8221;1\/3&#8243;][vc_column_text css=&#8221;&#8221; el_class=&#8221;contact-details&#8221;]<strong>Headquarters in Toru\u0144<\/strong><br \/>\nul. Chrobrego 64<br \/>\n87-100 Toru\u0144<\/p>\n<p>Tel: +48 56 657 63 63<br \/>\n<a href=\"mailto:aniro@aniro.pl\">aniro@aniro.pl<\/a><\/p>\n<p>[\/vc_column_text][\/vc_column_inner][vc_column_inner width=&#8221;1\/3&#8243;][vc_column_text css=&#8221;&#8221; el_class=&#8221;contact-details2&#8243;]<strong>Sales office in Wroc\u0142aw<\/strong><br \/>\nul. Brodzka 10a<br \/>\n54-103 Wroc\u0142aw<\/p>\n<p>Tel: +48 71 356 80 98<br \/>\nFax: +48 71 352 81 99<br \/>\n<a href=\"mailto:wroclaw@aniro.pl\">wroclaw@aniro.pl<\/a>[\/vc_column_text][\/vc_column_inner][vc_column_inner width=&#8221;1\/3&#8243;][vc_column_text css=&#8221;&#8221; el_class=&#8221;contact-details2&#8243;]<strong>Sales office Chorz\u00f3w<\/strong><br \/>\nAl. Bojownik\u00f3w o Wolnos\u0107 i Demokracj\u0119 38<br \/>\n41-506 Chorz\u00f3w<\/p>\n<p><a href=\"mailto:katowice@aniro.pl\">katowice@aniro.pl\u00a0<\/a>[\/vc_column_text][\/vc_column_inner][\/vc_row_inner][vc_empty_space height=&#8221;20px&#8221;][vc_row_inner][vc_column_inner width=&#8221;1\/3&#8243;][vc_column_text css=&#8221;&#8221; el_class=&#8221;contact-details&#8221;]<strong>Prefabrication of control and distribution cabinets <\/strong><br \/>\nul. W\u0142oc\u0142awska 163<br \/>\n87-100 Toru\u0144[\/vc_column_text][\/vc_column_inner][vc_column_inner width=&#8221;1\/3&#8243;][\/vc_column_inner][vc_column_inner width=&#8221;1\/3&#8243;][\/vc_column_inner][\/vc_row_inner][vc_empty_space][vc_column_text]NIP: 5252336245<br \/>\nKRS: 000240757<br \/>\nS\u0105d Rejonowy dla M.St Warszawy w Warszawie<br \/>\nXII Wydzia\u0142 Gospodarczy Krajowego Rejestru S\u0105dowego<br \/>\nKapita\u0142 zak\u0142adowy 50.000z\u0142 wp\u0142acony w ca\u0142o\u015bci[\/vc_column_text][\/vc_column][\/vc_row][vc_row][vc_column el_class=&#8221;contact-details3&#8243;][\/vc_column][\/vc_row]<\/p>\n<\/div>","protected":false},"excerpt":{"rendered":"<p>[vc_row][vc_column width=&#8221;1\/2&#8243;][vc_column_text][\/vc_column_text][vc_empty_space][vc_column_text css=&#8221;&#8221;] Attention! Entrance to the Headquarters in Toru\u0144 via Polna Street (N 53\u00b003\u201961.23\u201d\u00a0 E 18\u00b063\u201925.60\u201d) \u00a0 [\/vc_column_text][\/vc_column][vc_column width=&#8221;1\/2&#8243; css=&#8221;.vc_custom_1468963362976{margin-left: 30px !important;}&#8221;][vc_column_text el_class=&#8221;contact-title&#8221;] Contact [\/vc_column_text][vc_row_inner][vc_column_inner width=&#8221;1\/3&#8243;][vc_column_text css=&#8221;&#8221; el_class=&#8221;contact-details&#8221;]Headquarters in Toru\u0144 ul. Chrobrego 64 87-100 Toru\u0144 Tel: +48 56 657 63 63 aniro@aniro.pl [\/vc_column_text][\/vc_column_inner][vc_column_inner width=&#8221;1\/3&#8243;][vc_column_text css=&#8221;&#8221; el_class=&#8221;contact-details2&#8243;]Sales office in Wroc\u0142aw ul. Brodzka 10a 54-103 Wroc\u0142aw [&hellip;]<\/p>\n","protected":false},"author":6,"featured_media":0,"parent":0,"menu_order":0,"comment_status":"closed","ping_status":"closed","template":"","meta":{"_acf_changed":false,"footnotes":""},"class_list":["post-34169","page","type-page","status-publish","hentry"],"acf":[],"yoast_head":"<!-- This site is optimized with the Yoast SEO plugin v27.4 - https:\/\/yoast.com\/product\/yoast-seo-wordpress\/ -->\n<title>Contact - Aniro<\/title>\n<meta name=\"robots\" content=\"index, follow, max-snippet:-1, max-image-preview:large, max-video-preview:-1\" \/>\n<link rel=\"canonical\" href=\"https:\/\/aniro.pl\/en\/contact\/\" \/>\n<meta property=\"og:locale\" content=\"en_US\" \/>\n<meta property=\"og:type\" content=\"article\" \/>\n<meta property=\"og:title\" content=\"Contact - Aniro\" \/>\n<meta property=\"og:description\" content=\"[vc_row][vc_column width=&#8221;1\/2&#8243;][vc_column_text][\/vc_column_text][vc_empty_space][vc_column_text css=&#8221;&#8221;] Attention! Entrance to the Headquarters in Toru\u0144 via Polna Street (N 53\u00b003\u201961.23\u201d\u00a0 E 18\u00b063\u201925.60\u201d) \u00a0 [\/vc_column_text][\/vc_column][vc_column width=&#8221;1\/2&#8243; css=&#8221;.vc_custom_1468963362976{margin-left: 30px !important;}&#8221;][vc_column_text el_class=&#8221;contact-title&#8221;] Contact [\/vc_column_text][vc_row_inner][vc_column_inner width=&#8221;1\/3&#8243;][vc_column_text css=&#8221;&#8221; el_class=&#8221;contact-details&#8221;]Headquarters in Toru\u0144 ul. Chrobrego 64 87-100 Toru\u0144 Tel: +48 56 657 63 63 aniro@aniro.pl [\/vc_column_text][\/vc_column_inner][vc_column_inner width=&#8221;1\/3&#8243;][vc_column_text css=&#8221;&#8221; el_class=&#8221;contact-details2&#8243;]Sales office in Wroc\u0142aw ul. Brodzka 10a 54-103 Wroc\u0142aw [&hellip;]\" \/>\n<meta property=\"og:url\" content=\"https:\/\/aniro.pl\/en\/contact\/\" \/>\n<meta property=\"og:site_name\" content=\"Aniro\" \/>\n<meta property=\"article:modified_time\" content=\"2024-10-23T08:00:36+00:00\" \/>\n<meta name=\"twitter:card\" content=\"summary_large_image\" \/>\n<meta name=\"twitter:label1\" content=\"Est. reading time\" \/>\n\t<meta name=\"twitter:data1\" content=\"1 minute\" \/>\n<script type=\"application\/ld+json\" class=\"yoast-schema-graph\">{\"@context\":\"https:\\\/\\\/schema.org\",\"@graph\":[{\"@type\":\"WebPage\",\"@id\":\"https:\\\/\\\/aniro.pl\\\/en\\\/contact\\\/\",\"url\":\"https:\\\/\\\/aniro.pl\\\/en\\\/contact\\\/\",\"name\":\"Contact - Aniro\",\"isPartOf\":{\"@id\":\"https:\\\/\\\/aniro.pl\\\/#website\"},\"datePublished\":\"2024-08-29T10:08:57+00:00\",\"dateModified\":\"2024-10-23T08:00:36+00:00\",\"breadcrumb\":{\"@id\":\"https:\\\/\\\/aniro.pl\\\/en\\\/contact\\\/#breadcrumb\"},\"inLanguage\":\"en-US\",\"potentialAction\":[{\"@type\":\"ReadAction\",\"target\":[\"https:\\\/\\\/aniro.pl\\\/en\\\/contact\\\/\"]}]},{\"@type\":\"BreadcrumbList\",\"@id\":\"https:\\\/\\\/aniro.pl\\\/en\\\/contact\\\/#breadcrumb\",\"itemListElement\":[{\"@type\":\"ListItem\",\"position\":1,\"name\":\"Strona g\u0142\u00f3wna\",\"item\":\"https:\\\/\\\/aniro.pl\\\/en\\\/\"},{\"@type\":\"ListItem\",\"position\":2,\"name\":\"Contact\"}]},{\"@type\":\"WebSite\",\"@id\":\"https:\\\/\\\/aniro.pl\\\/#website\",\"url\":\"https:\\\/\\\/aniro.pl\\\/\",\"name\":\"Aniro\",\"description\":\"\",\"publisher\":{\"@id\":\"https:\\\/\\\/aniro.pl\\\/#organization\"},\"potentialAction\":[{\"@type\":\"SearchAction\",\"target\":{\"@type\":\"EntryPoint\",\"urlTemplate\":\"https:\\\/\\\/aniro.pl\\\/?s={search_term_string}\"},\"query-input\":{\"@type\":\"PropertyValueSpecification\",\"valueRequired\":true,\"valueName\":\"search_term_string\"}}],\"inLanguage\":\"en-US\"},{\"@type\":\"Organization\",\"@id\":\"https:\\\/\\\/aniro.pl\\\/#organization\",\"name\":\"Aniro\",\"url\":\"https:\\\/\\\/aniro.pl\\\/\",\"logo\":{\"@type\":\"ImageObject\",\"inLanguage\":\"en-US\",\"@id\":\"https:\\\/\\\/aniro.pl\\\/#\\\/schema\\\/logo\\\/image\\\/\",\"url\":\"https:\\\/\\\/aniro.pl\\\/wp-content\\\/uploads\\\/2024\\\/09\\\/favicon-32x32-2.png\",\"contentUrl\":\"https:\\\/\\\/aniro.pl\\\/wp-content\\\/uploads\\\/2024\\\/09\\\/favicon-32x32-2.png\",\"width\":32,\"height\":32,\"caption\":\"Aniro\"},\"image\":{\"@id\":\"https:\\\/\\\/aniro.pl\\\/#\\\/schema\\\/logo\\\/image\\\/\"}}]}<\/script>\n<!-- \/ Yoast SEO plugin. -->","yoast_head_json":{"title":"Contact - Aniro","robots":{"index":"index","follow":"follow","max-snippet":"max-snippet:-1","max-image-preview":"max-image-preview:large","max-video-preview":"max-video-preview:-1"},"canonical":"https:\/\/aniro.pl\/en\/contact\/","og_locale":"en_US","og_type":"article","og_title":"Contact - Aniro","og_description":"[vc_row][vc_column width=&#8221;1\/2&#8243;][vc_column_text][\/vc_column_text][vc_empty_space][vc_column_text css=&#8221;&#8221;] Attention! Entrance to the Headquarters in Toru\u0144 via Polna Street (N 53\u00b003\u201961.23\u201d\u00a0 E 18\u00b063\u201925.60\u201d) \u00a0 [\/vc_column_text][\/vc_column][vc_column width=&#8221;1\/2&#8243; css=&#8221;.vc_custom_1468963362976{margin-left: 30px !important;}&#8221;][vc_column_text el_class=&#8221;contact-title&#8221;] Contact [\/vc_column_text][vc_row_inner][vc_column_inner width=&#8221;1\/3&#8243;][vc_column_text css=&#8221;&#8221; el_class=&#8221;contact-details&#8221;]Headquarters in Toru\u0144 ul. Chrobrego 64 87-100 Toru\u0144 Tel: +48 56 657 63 63 aniro@aniro.pl [\/vc_column_text][\/vc_column_inner][vc_column_inner width=&#8221;1\/3&#8243;][vc_column_text css=&#8221;&#8221; el_class=&#8221;contact-details2&#8243;]Sales office in Wroc\u0142aw ul. Brodzka 10a 54-103 Wroc\u0142aw [&hellip;]","og_url":"https:\/\/aniro.pl\/en\/contact\/","og_site_name":"Aniro","article_modified_time":"2024-10-23T08:00:36+00:00","twitter_card":"summary_large_image","twitter_misc":{"Est. reading time":"1 minute"},"schema":{"@context":"https:\/\/schema.org","@graph":[{"@type":"WebPage","@id":"https:\/\/aniro.pl\/en\/contact\/","url":"https:\/\/aniro.pl\/en\/contact\/","name":"Contact - Aniro","isPartOf":{"@id":"https:\/\/aniro.pl\/#website"},"datePublished":"2024-08-29T10:08:57+00:00","dateModified":"2024-10-23T08:00:36+00:00","breadcrumb":{"@id":"https:\/\/aniro.pl\/en\/contact\/#breadcrumb"},"inLanguage":"en-US","potentialAction":[{"@type":"ReadAction","target":["https:\/\/aniro.pl\/en\/contact\/"]}]},{"@type":"BreadcrumbList","@id":"https:\/\/aniro.pl\/en\/contact\/#breadcrumb","itemListElement":[{"@type":"ListItem","position":1,"name":"Strona g\u0142\u00f3wna","item":"https:\/\/aniro.pl\/en\/"},{"@type":"ListItem","position":2,"name":"Contact"}]},{"@type":"WebSite","@id":"https:\/\/aniro.pl\/#website","url":"https:\/\/aniro.pl\/","name":"Aniro","description":"","publisher":{"@id":"https:\/\/aniro.pl\/#organization"},"potentialAction":[{"@type":"SearchAction","target":{"@type":"EntryPoint","urlTemplate":"https:\/\/aniro.pl\/?s={search_term_string}"},"query-input":{"@type":"PropertyValueSpecification","valueRequired":true,"valueName":"search_term_string"}}],"inLanguage":"en-US"},{"@type":"Organization","@id":"https:\/\/aniro.pl\/#organization","name":"Aniro","url":"https:\/\/aniro.pl\/","logo":{"@type":"ImageObject","inLanguage":"en-US","@id":"https:\/\/aniro.pl\/#\/schema\/logo\/image\/","url":"https:\/\/aniro.pl\/wp-content\/uploads\/2024\/09\/favicon-32x32-2.png","contentUrl":"https:\/\/aniro.pl\/wp-content\/uploads\/2024\/09\/favicon-32x32-2.png","width":32,"height":32,"caption":"Aniro"},"image":{"@id":"https:\/\/aniro.pl\/#\/schema\/logo\/image\/"}}]}},"_links":{"self":[{"href":"https:\/\/aniro.pl\/en\/wp-json\/wp\/v2\/pages\/34169","targetHints":{"allow":["GET"]}}],"collection":[{"href":"https:\/\/aniro.pl\/en\/wp-json\/wp\/v2\/pages"}],"about":[{"href":"https:\/\/aniro.pl\/en\/wp-json\/wp\/v2\/types\/page"}],"author":[{"embeddable":true,"href":"https:\/\/aniro.pl\/en\/wp-json\/wp\/v2\/users\/6"}],"replies":[{"embeddable":true,"href":"https:\/\/aniro.pl\/en\/wp-json\/wp\/v2\/comments?post=34169"}],"version-history":[{"count":3,"href":"https:\/\/aniro.pl\/en\/wp-json\/wp\/v2\/pages\/34169\/revisions"}],"predecessor-version":[{"id":34671,"href":"https:\/\/aniro.pl\/en\/wp-json\/wp\/v2\/pages\/34169\/revisions\/34671"}],"wp:attachment":[{"href":"https:\/\/aniro.pl\/en\/wp-json\/wp\/v2\/media?parent=34169"}],"curies":[{"name":"wp","href":"https:\/\/api.w.org\/{rel}","templated":true}]}}