{"id":34183,"date":"2018-06-15T10:06:49","date_gmt":"2018-06-15T08:06:49","guid":{"rendered":"https:\/\/aniro.pl\/rezygnacja\/"},"modified":"2018-06-15T10:06:49","modified_gmt":"2018-06-15T08:06:49","slug":"rezygnacja","status":"publish","type":"page","link":"https:\/\/aniro.pl\/en\/rezygnacja\/","title":{"rendered":"Formularz usuni\u0119cia danych  z bazy ANIRO"},"content":{"rendered":"<div class=\"wpb-content-wrapper\"><p>[vc_row el_class=&#8221;product-box&#8221;][vc_column][vc_column_text el_class=&#8221;product-title&#8221;]<\/p>\n<h2>Formularz usuni\u0119cia danych z bazy ANIRO i rezygnacji z newslettera<\/h2>\n<p>[\/vc_column_text][\/vc_column][\/vc_row][vc_row][vc_column][vc_column_text]Je\u017celi chcesz usun\u0105\u0107 swoje dane z bazy danych ANIRO oraz zrezygnowa\u0107 z otrzymywania newslettera, wype\u0142nij poni\u017cszy formularz. Usuni\u0119cie Twoich danych z bazy danych ANIRO zostanie potwierdzone mailem.<\/p>\n<p>&nbsp;<\/p>\n<p>&nbsp;[\/vc_column_text][\/vc_column][\/vc_row][vc_row][vc_column width=&#8221;1\/3&#8243;][\/vc_column][vc_column width=&#8221;1\/3&#8243;][vc_column_text]<p class=\"wpcf7-contact-form-not-found\"><strong>Error:<\/strong> Contact form not found.<\/p>[\/vc_column_text][\/vc_column][vc_column width=&#8221;1\/3&#8243;][\/vc_column][\/vc_row]<\/p>\n<\/div>","protected":false},"excerpt":{"rendered":"<p>[vc_row el_class=&#8221;product-box&#8221;][vc_column][vc_column_text el_class=&#8221;product-title&#8221;] Formularz usuni\u0119cia danych z bazy ANIRO i rezygnacji z newslettera [\/vc_column_text][\/vc_column][\/vc_row][vc_row][vc_column][vc_column_text]Je\u017celi chcesz usun\u0105\u0107 swoje dane z bazy danych ANIRO oraz zrezygnowa\u0107 z otrzymywania newslettera, wype\u0142nij poni\u017cszy formularz. Usuni\u0119cie Twoich danych z bazy danych ANIRO zostanie potwierdzone mailem. &nbsp; &nbsp;[\/vc_column_text][\/vc_column][\/vc_row][vc_row][vc_column width=&#8221;1\/3&#8243;][\/vc_column][vc_column width=&#8221;1\/3&#8243;][vc_column_text][\/vc_column_text][\/vc_column][vc_column width=&#8221;1\/3&#8243;][\/vc_column][\/vc_row]<\/p>\n","protected":false},"author":3,"featured_media":0,"parent":0,"menu_order":0,"comment_status":"closed","ping_status":"closed","template":"","meta":{"_acf_changed":false,"footnotes":""},"class_list":["post-34183","page","type-page","status-publish","hentry"],"acf":[],"yoast_head":"<!-- This site is optimized with the Yoast SEO plugin v27.3 - https:\/\/yoast.com\/product\/yoast-seo-wordpress\/ -->\n<title>Formularz usuni\u0119cia danych z bazy ANIRO - Aniro<\/title>\n<meta name=\"robots\" content=\"index, follow, max-snippet:-1, max-image-preview:large, max-video-preview:-1\" \/>\n<link rel=\"canonical\" href=\"https:\/\/aniro.pl\/rezygnacja\/\" \/>\n<meta property=\"og:locale\" content=\"en_US\" \/>\n<meta property=\"og:type\" content=\"article\" \/>\n<meta property=\"og:title\" content=\"Formularz usuni\u0119cia danych z bazy ANIRO - Aniro\" \/>\n<meta property=\"og:description\" content=\"[vc_row el_class=&#8221;product-box&#8221;][vc_column][vc_column_text el_class=&#8221;product-title&#8221;] Formularz usuni\u0119cia danych z bazy ANIRO i rezygnacji z newslettera [\/vc_column_text][\/vc_column][\/vc_row][vc_row][vc_column][vc_column_text]Je\u017celi chcesz usun\u0105\u0107 swoje dane z bazy danych ANIRO oraz zrezygnowa\u0107 z otrzymywania newslettera, wype\u0142nij poni\u017cszy formularz. Usuni\u0119cie Twoich danych z bazy danych ANIRO zostanie potwierdzone mailem. &nbsp; &nbsp;[\/vc_column_text][\/vc_column][\/vc_row][vc_row][vc_column width=&#8221;1\/3&#8243;][\/vc_column][vc_column width=&#8221;1\/3&#8243;][vc_column_text][\/vc_column_text][\/vc_column][vc_column width=&#8221;1\/3&#8243;][\/vc_column][\/vc_row]\" \/>\n<meta property=\"og:url\" content=\"https:\/\/aniro.pl\/rezygnacja\/\" \/>\n<meta property=\"og:site_name\" content=\"Aniro\" \/>\n<meta name=\"twitter:card\" content=\"summary_large_image\" \/>\n<meta name=\"twitter:label1\" content=\"Est. reading time\" \/>\n\t<meta name=\"twitter:data1\" content=\"1 minute\" \/>\n<script type=\"application\/ld+json\" class=\"yoast-schema-graph\">{\"@context\":\"https:\\\/\\\/schema.org\",\"@graph\":[{\"@type\":\"WebPage\",\"@id\":\"https:\\\/\\\/aniro.pl\\\/rezygnacja\\\/\",\"url\":\"https:\\\/\\\/aniro.pl\\\/rezygnacja\\\/\",\"name\":\"Formularz usuni\u0119cia danych z bazy ANIRO - Aniro\",\"isPartOf\":{\"@id\":\"https:\\\/\\\/aniro.pl\\\/#website\"},\"datePublished\":\"2018-06-15T08:06:49+00:00\",\"breadcrumb\":{\"@id\":\"https:\\\/\\\/aniro.pl\\\/rezygnacja\\\/#breadcrumb\"},\"inLanguage\":\"en-US\",\"potentialAction\":[{\"@type\":\"ReadAction\",\"target\":[\"https:\\\/\\\/aniro.pl\\\/rezygnacja\\\/\"]}]},{\"@type\":\"BreadcrumbList\",\"@id\":\"https:\\\/\\\/aniro.pl\\\/rezygnacja\\\/#breadcrumb\",\"itemListElement\":[{\"@type\":\"ListItem\",\"position\":1,\"name\":\"Strona g\u0142\u00f3wna\",\"item\":\"https:\\\/\\\/aniro.pl\\\/en\\\/\"},{\"@type\":\"ListItem\",\"position\":2,\"name\":\"Formularz usuni\u0119cia danych z bazy ANIRO\"}]},{\"@type\":\"WebSite\",\"@id\":\"https:\\\/\\\/aniro.pl\\\/#website\",\"url\":\"https:\\\/\\\/aniro.pl\\\/\",\"name\":\"Aniro\",\"description\":\"\",\"publisher\":{\"@id\":\"https:\\\/\\\/aniro.pl\\\/#organization\"},\"potentialAction\":[{\"@type\":\"SearchAction\",\"target\":{\"@type\":\"EntryPoint\",\"urlTemplate\":\"https:\\\/\\\/aniro.pl\\\/?s={search_term_string}\"},\"query-input\":{\"@type\":\"PropertyValueSpecification\",\"valueRequired\":true,\"valueName\":\"search_term_string\"}}],\"inLanguage\":\"en-US\"},{\"@type\":\"Organization\",\"@id\":\"https:\\\/\\\/aniro.pl\\\/#organization\",\"name\":\"Aniro\",\"url\":\"https:\\\/\\\/aniro.pl\\\/\",\"logo\":{\"@type\":\"ImageObject\",\"inLanguage\":\"en-US\",\"@id\":\"https:\\\/\\\/aniro.pl\\\/#\\\/schema\\\/logo\\\/image\\\/\",\"url\":\"https:\\\/\\\/aniro.pl\\\/wp-content\\\/uploads\\\/2024\\\/09\\\/favicon-32x32-2.png\",\"contentUrl\":\"https:\\\/\\\/aniro.pl\\\/wp-content\\\/uploads\\\/2024\\\/09\\\/favicon-32x32-2.png\",\"width\":32,\"height\":32,\"caption\":\"Aniro\"},\"image\":{\"@id\":\"https:\\\/\\\/aniro.pl\\\/#\\\/schema\\\/logo\\\/image\\\/\"}}]}<\/script>\n<!-- \/ Yoast SEO plugin. -->","yoast_head_json":{"title":"Formularz usuni\u0119cia danych z bazy ANIRO - Aniro","robots":{"index":"index","follow":"follow","max-snippet":"max-snippet:-1","max-image-preview":"max-image-preview:large","max-video-preview":"max-video-preview:-1"},"canonical":"https:\/\/aniro.pl\/rezygnacja\/","og_locale":"en_US","og_type":"article","og_title":"Formularz usuni\u0119cia danych z bazy ANIRO - Aniro","og_description":"[vc_row el_class=&#8221;product-box&#8221;][vc_column][vc_column_text el_class=&#8221;product-title&#8221;] Formularz usuni\u0119cia danych z bazy ANIRO i rezygnacji z newslettera [\/vc_column_text][\/vc_column][\/vc_row][vc_row][vc_column][vc_column_text]Je\u017celi chcesz usun\u0105\u0107 swoje dane z bazy danych ANIRO oraz zrezygnowa\u0107 z otrzymywania newslettera, wype\u0142nij poni\u017cszy formularz. Usuni\u0119cie Twoich danych z bazy danych ANIRO zostanie potwierdzone mailem. &nbsp; &nbsp;[\/vc_column_text][\/vc_column][\/vc_row][vc_row][vc_column width=&#8221;1\/3&#8243;][\/vc_column][vc_column width=&#8221;1\/3&#8243;][vc_column_text][\/vc_column_text][\/vc_column][vc_column width=&#8221;1\/3&#8243;][\/vc_column][\/vc_row]","og_url":"https:\/\/aniro.pl\/rezygnacja\/","og_site_name":"Aniro","twitter_card":"summary_large_image","twitter_misc":{"Est. reading time":"1 minute"},"schema":{"@context":"https:\/\/schema.org","@graph":[{"@type":"WebPage","@id":"https:\/\/aniro.pl\/rezygnacja\/","url":"https:\/\/aniro.pl\/rezygnacja\/","name":"Formularz usuni\u0119cia danych z bazy ANIRO - Aniro","isPartOf":{"@id":"https:\/\/aniro.pl\/#website"},"datePublished":"2018-06-15T08:06:49+00:00","breadcrumb":{"@id":"https:\/\/aniro.pl\/rezygnacja\/#breadcrumb"},"inLanguage":"en-US","potentialAction":[{"@type":"ReadAction","target":["https:\/\/aniro.pl\/rezygnacja\/"]}]},{"@type":"BreadcrumbList","@id":"https:\/\/aniro.pl\/rezygnacja\/#breadcrumb","itemListElement":[{"@type":"ListItem","position":1,"name":"Strona g\u0142\u00f3wna","item":"https:\/\/aniro.pl\/en\/"},{"@type":"ListItem","position":2,"name":"Formularz usuni\u0119cia danych z bazy ANIRO"}]},{"@type":"WebSite","@id":"https:\/\/aniro.pl\/#website","url":"https:\/\/aniro.pl\/","name":"Aniro","description":"","publisher":{"@id":"https:\/\/aniro.pl\/#organization"},"potentialAction":[{"@type":"SearchAction","target":{"@type":"EntryPoint","urlTemplate":"https:\/\/aniro.pl\/?s={search_term_string}"},"query-input":{"@type":"PropertyValueSpecification","valueRequired":true,"valueName":"search_term_string"}}],"inLanguage":"en-US"},{"@type":"Organization","@id":"https:\/\/aniro.pl\/#organization","name":"Aniro","url":"https:\/\/aniro.pl\/","logo":{"@type":"ImageObject","inLanguage":"en-US","@id":"https:\/\/aniro.pl\/#\/schema\/logo\/image\/","url":"https:\/\/aniro.pl\/wp-content\/uploads\/2024\/09\/favicon-32x32-2.png","contentUrl":"https:\/\/aniro.pl\/wp-content\/uploads\/2024\/09\/favicon-32x32-2.png","width":32,"height":32,"caption":"Aniro"},"image":{"@id":"https:\/\/aniro.pl\/#\/schema\/logo\/image\/"}}]}},"_links":{"self":[{"href":"https:\/\/aniro.pl\/en\/wp-json\/wp\/v2\/pages\/34183","targetHints":{"allow":["GET"]}}],"collection":[{"href":"https:\/\/aniro.pl\/en\/wp-json\/wp\/v2\/pages"}],"about":[{"href":"https:\/\/aniro.pl\/en\/wp-json\/wp\/v2\/types\/page"}],"author":[{"embeddable":true,"href":"https:\/\/aniro.pl\/en\/wp-json\/wp\/v2\/users\/3"}],"replies":[{"embeddable":true,"href":"https:\/\/aniro.pl\/en\/wp-json\/wp\/v2\/comments?post=34183"}],"version-history":[{"count":0,"href":"https:\/\/aniro.pl\/en\/wp-json\/wp\/v2\/pages\/34183\/revisions"}],"wp:attachment":[{"href":"https:\/\/aniro.pl\/en\/wp-json\/wp\/v2\/media?parent=34183"}],"curies":[{"name":"wp","href":"https:\/\/api.w.org\/{rel}","templated":true}]}}