{"id":34191,"date":"2018-05-29T16:00:39","date_gmt":"2018-05-29T14:00:39","guid":{"rendered":"https:\/\/aniro.pl\/klauzula-informacyjna\/"},"modified":"2018-05-29T16:00:39","modified_gmt":"2018-05-29T14:00:39","slug":"klauzula-informacyjna","status":"publish","type":"page","link":"https:\/\/aniro.pl\/en\/klauzula-informacyjna\/","title":{"rendered":"Klauzula informacyjna"},"content":{"rendered":"<div class=\"wpb-content-wrapper\"><p>[vc_row el_class=&#8221;product-box&#8221;][vc_column][vc_column_text el_class=&#8221;product-title&#8221;]<\/p>\n<h2>Klauzula Informacyjna<\/h2>\n<p>[\/vc_column_text][\/vc_column][\/vc_row][vc_row][vc_column][vc_column_text]<strong> 1. Definicje<\/strong><\/p>\n<ol>\n<li><strong>Administrator<\/strong> &#8211; Administratorem danych osobowych w rozumieniu rozporz\u0105dzenia Parlamentu Europejskiego i Rady (UE) 2016\/679 z 27 kwietnia 2016 r. w sprawie ochrony os\u00f3b fizycznych w zwi\u0105zku z przetwarzaniem danych osobowych i w sprawie swobodnego przep\u0142ywu takich danych, dalej zwane \u201eRODO\u201d jest <strong>ANIRO Sp. z o.o. <\/strong>z siedzib\u0105 w Toruniu, przy ul. B. Chrobrego 64, wpisan\u0105 do Krajowego Rejestru S\u0105dowego prowadzonego przez S\u0105d Rejonowy w Toruniu, VII Wydzia\u0142 Gospodarczy KRS pod nr 0000240757, posiadaj\u0105c\u0105 nr NIP 5252336245, REGON 140144905,<\/li>\n<li><strong>Dane osobowe<\/strong>&nbsp; &#8211;&nbsp; zgodnie z RODO, dane osobowe to informacje o zidentyfikowanej lub mo\u017cliwej do zidentyfikowania osobie fizycznej. W przypadku korzystania z naszego Serwisu takimi danymi s\u0105 np. imi\u0119, nazwisko, adres e-mail, numer telefonu, adres IP. Dane osobowe mog\u0105 by\u0107 zapisywane w plikach cookies wykorzystywanych przez Administratora lub Partner\u00f3w w Serwisie Administratora.<\/li>\n<li><strong>Partner<\/strong> \u2013 podmiot trzeci z us\u0142ug kt\u00f3rego Administrator korzysta celem \u015bwiadczenia najwy\u017cszej jako\u015bci us\u0142ug w Serwisie.<\/li>\n<li><strong>Serwis<\/strong> &#8211; oznacza stron\u0119 internetow\u0105 lub aplikacj\u0119, pod kt\u00f3r\u0105 Administrator prowadzi serwis internetowy, dzia\u0142aj\u0105cy w domenie <a href=\"http:\/\/www.aniro.pl\/\">www.aniro.pl<\/a><\/li>\n<li><strong>Urz\u0105dzenie<\/strong> &#8211; oznacza elektroniczne urz\u0105dzenie za po\u015brednictwem, kt\u00f3rego U\u017cytkownik uzyskuje dost\u0119p do Serwisu.<\/li>\n<\/ol>\n<ol start=\"6\">\n<li><strong>U\u017cytkownik<\/strong> &#8211; oznacza podmiot, odwiedzaj\u0105cy Serwis Administratora, na rzecz kt\u00f3rego zgodnie z niniejszym regulaminem i powszechnie obowi\u0105zuj\u0105cymi przepisami prawa mog\u0105 by\u0107 \u015bwiadczone us\u0142ugi drog\u0105 elektroniczn\u0105<\/li>\n<\/ol>\n<p><strong>2. Cel przetwarzania<\/strong><\/p>\n<ol start=\"3\">\n<li>Administrator o\u015bwiadcza, i\u017c przetwarza Pa\u0144stwa dane osobowe zgodnie z obowi\u0105zuj\u0105cymi przepisami prawa, w tym zgodnie z rozporz\u0105dzeniem Parlamentu Europejskiego i Rady (UE) 2016\/679 z 27 kwietnia 2016 r. w sprawie ochrony os\u00f3b fizycznych w zwi\u0105zku z przetwarzaniem danych osobowych i w sprawie swobodnego przep\u0142ywu takich danych. System informatyczny w kt\u00f3rym s\u0105 przetwarzane dane osobowe spe\u0142nia wymogi z Rozporz\u0105dzenia Ministra Spraw Wewn\u0119trznych i Administracji z dnia 29 kwietnia 2004 r. w sprawie dokumentacji przetwarzania danych osobowych oraz warunk\u00f3w technicznych i organizacyjnych, jakim powinny odpowiada\u0107 urz\u0105dzenia i systemy informatyczne s\u0142u\u017c\u0105ce do przetwarzania danych osobowych (Dz. U. Nr 100, poz. 1024).<\/li>\n<li>Dane osobowe U\u017cytkownik\u00f3w s\u0105 przetwarzane przez Administratora w celu:<br \/>\na) \u015bwiadczenia w Serwisie najwy\u017cszej jako\u015bci us\u0142ug a tak\u017ce w celach archiwizacji i celach statystycznych oraz technicznej administracji Serwisem,<br \/>\nb) prowadzenia us\u0142ug marketingowych, w tym wysy\u0142ki Newslettera z informacj\u0105 marketingow\u0105 i handlow\u0105 &#8211; U\u017cytkownik korzystaj\u0105c z Serwisu nie b\u0119dzie otrzymywa\u0142 informacji marketingowych i handlowych je\u015bli nie wyrazi na to zgody,<br \/>\nc) przetwarzanie danych osobowych mo\u017ce s\u0142u\u017cy\u0107 tak\u017ce w celu odpowiedzi na pytania U\u017cytkownika sk\u0142adane za po\u015brednictwem formularza kontaktowego znajduj\u0105cego w Serwisie,<br \/>\nd) realizacji zam\u00f3wie\u0144 sk\u0142adanych przez U\u017cytkownika,<br \/>\ne) zawarcia lub wykonania umowy, kt\u00f3rej U\u017cytkownik jest stron\u0105,<br \/>\nf) organizowania promocji, w kt\u00f3rych U\u017cytkownicy mog\u0105 bra\u0107 udzia\u0142.<\/li>\n<li>Dane osobowe, takie jak:<br \/>\nimi\u0119, nazwisko, adres e-mail, adres do korespondencji, numer telefonu, rejestrowane i przetwarzane s\u0105 tylko wtedy, gdy:<br \/>\na) U\u017cytkownik korzysta z formularza kontaktowego w Serwisie a podanie danych cho\u0107 dobrowolne, jest niezb\u0119dne do prawid\u0142owego przetworzenia wiadomo\u015bci i udzielenia odpowiedzi na przes\u0142ane zapytanie,<br \/>\nb) jest to niezb\u0119dne do z\u0142o\u017cenie zam\u00f3wienia,<br \/>\nc) jest to niezb\u0119dne do zawarcie lub wykonanie umowy, kt\u00f3rej U\u017cytkownik jest stron\u0105<br \/>\nd) U\u017cytkownika wyra\u017ca zgod\u0119 na udzia\u0142 w promocji organizowanej przez Administratora.<\/li>\n<li>U\u017cytkownik mo\u017ce zapisa\u0107 si\u0119 na list\u0119 mailingow\u0105 w celu otrzymywania Newslettera. W takim przypadku Administrator b\u0119dzie musia\u0142 pobra\u0107 i zapisa\u0107 adres e-mail U\u017cytkownika. Adres e-mail U\u017cytkownika wykorzystany b\u0119dzie wy\u0142\u0105cznie w celu wysy\u0142ania Newsletter\u00f3w, zawieraj\u0105cych informacje marketingowe i handlowe o aktualnej ofercie.<\/li>\n<li>Dane osobowe U\u017cytkownik\u00f3w podlegaj\u0105 profilowaniu tj. zautomatyzowanemu przetwarzaniu w celu dokonania oceny i okre\u015blenia cech osobowych lub potrzeb u\u017cytkownik\u00f3w dzi\u0119ki czemu Administrator b\u0119dzie m\u00f3g\u0142 udoskonala\u0107 \u015bwiadczone przez siebie us\u0142ugi oraz odpowiednio dopasowa\u0107 je do potrzeb U\u017cytkownik\u00f3w.<\/li>\n<\/ol>\n<p><strong>3. Podstawy prawne i okres przetwarzania danych<\/strong><\/p>\n<ol>\n<li>Przetwarzanie danych osobowych wymaga podstawy prawnej. RODO przewiduje kilka rodzaj\u00f3w takich podstaw prawnych dla przetwarzania danych, a w przypadku korzystania z Serwisu oraz us\u0142ug Administratora \u015bwiadczonych za po\u015brednictwem Serwisu wyst\u0119puj\u0105, co do zasady trzy z nich:<br \/>\na) niezb\u0119dno\u015b\u0107 przetwarzania danych osobowych do zawarcia lub wykonania umowy, kt\u00f3rej U\u017cytkownik jest stron\u0105. Je\u015bli zatem Administrator zawiera z U\u017cytkownikiem umow\u0119 o realizacj\u0119 danej us\u0142ugi, to mo\u017ce przetwarza\u0107 dane osobowe w zakresie niezb\u0119dnym do realizacji tej umowy.<br \/>\nb) niezb\u0119dno\u015b\u0107 przetwarzania do cel\u00f3w wynikaj\u0105cych z prawnie uzasadnionych interes\u00f3w realizowanych przez administratora lub przez stron\u0119 trzeci\u0105. Ta podstawa przetwarzania danych dotyczy przypadk\u00f3w, gdy ich przetwarzanie jest uzasadnione z uwagi na usprawiedliwione prawem cele i potrzeby Administratora, co obejmuje mi\u0119dzy innymi konieczno\u015b\u0107 wype\u0142nienia obowi\u0105zku podatkowego, innych okre\u015blonych w odr\u0119bnych przepisach obowi\u0105zk\u00f3w Administratora, zapewnienia legalno\u015bci i bezpiecze\u0144stwa \u015bwiadczonych us\u0142ug, dokonanie pomiar\u00f3w statystycznych, ulepszania tre\u015bci Serwisu oraz dopasowania ich do potrzeb i wygody U\u017cytkownik\u00f3w<br \/>\nc) dobrowolna zgoda U\u017cytkownika. Zgoda U\u017cytkownika jest potrzebna g\u0142\u00f3wnie w przypadku, gdy Administrator \u015bwiadczy us\u0142ugi marketingowe, w tym wysy\u0142k\u0119 newslettera, informacji marketingowych i handlowych. Udzielenie takiej zgody jest ca\u0142kowicie dobrowolne a U\u017cytkownik ma r\u00f3wnie\u017c mo\u017cliwo\u015b\u0107 ograniczenia zakresu zgody, zmiany zgody lub jej wycofania w dowolnym momencie.<\/li>\n<li>Dane osobowe U\u017cytkownik\u00f3w, przetwarzane b\u0119d\u0105 wy\u0142\u0105cznie w przypadku posiadania przez Administratora lub inny podmiot przetwarzaj\u0105cy dane jednej z dopuszczonych przez RODO podstaw prawnych i wy\u0142\u0105cznie w celu dostosowanym do danej podstawy, zgodnie z opisem powy\u017cej. Dane osobowe przetwarzane b\u0119d\u0105 do czasu istnienia podstawy do ich przetwarzania:<br \/>\na) w przypadku udzielenia zgody do momentu jej wycofania, ograniczenia lub podj\u0119cia innych dzia\u0142a\u0144 ze strony U\u017cytkownika ograniczaj\u0105cych t\u0119 zgod\u0119,<br \/>\nb) w przypadku niezb\u0119dno\u015bci danych do wykonania umowy \u2013 przez czas jej wykonywania,<br \/>\nc) w przypadku, gdy przetwarzanie jest niezb\u0119dne do cel\u00f3w wynikaj\u0105cych z prawnie uzasadnionych interes\u00f3w realizowanych przez administratora lub przez stron\u0119 trzeci\u0105 \u2013 do czasu istnienia tego uzasadnionego interesu np. dane b\u0119d\u0105 przetwarzane przez okres przedawnienia roszcze\u0144 podatkowych lub roszcze\u0144<\/li>\n<\/ol>\n<p><strong>4. Powierzenie przetwarzania danych i udost\u0119pnianie danych<\/strong><\/p>\n<ol>\n<li>Administrator powierza przetwarzanie danych osobowych nast\u0119puj\u0105cym podmiotom:<br \/>\na) firmom \u015bwiadcz\u0105cym us\u0142ugi z zakresu wsparcia IT<br \/>\nb) firmom \u015bwiadcz\u0105cym us\u0142ugi z zakresu obs\u0142ugi ksi\u0119gowej<br \/>\nc) kancelariom \u015bwiadcz\u0105cym us\u0142ugi doradztwa prawnego<\/li>\n<li>Administrator bez uprzedniego uzyskania zgody U\u017cytkownika nie b\u0119dzie udost\u0119pnia\u0142 danych osobowych podmiotom trzecim,<\/li>\n<li>Administrator mo\u017ce udost\u0119pni\u0107 dane osobowe U\u017cytkownik\u00f3w, organom i s\u0142u\u017cbom pa\u0144stwowym takim jak policja, ABW czy organy podatkowe uprawnionym na podstawie w\u0142a\u015bciwych przepis\u00f3w do uzyskiwania danych osobowych, pod warunkiem posiadania odpowiednich podstaw prawnych do \u017c\u0105dania danych osobowych.<\/li>\n<li>Administrator danych nie ma zamiaru przekazywa\u0107 danych osobowych do pa\u0144stwa spoza Europejskiego Obszaru Gospodarczego lub organizacji mi\u0119dzynarodowej.<strong><br \/>\n<\/strong><\/li>\n<\/ol>\n<p><strong>5. Prawa U\u017cytkownika<\/strong><\/p>\n<ol>\n<li>U\u017cytkownik ma prawo do wycofania, zmiany lub ograniczenia zgody na przetwarzanie swoich danych osobowych w dowolnym momencie.<\/li>\n<li>U\u017cytkownik mo\u017ce wycofa\u0107 swoj\u0105 zgod\u0119 poprzez wys\u0142anie o\u015bwiadczenia o wycofaniu zgody na&nbsp; adres siedziby Administratora, adres e-mail <a href=\"mailto:rodo@aniro.pl\">rodo@aniro.pl<\/a> , a tak\u017ce poprzez klikni\u0119cie w niniejszy link <a href=\"https:\/\/aniro.pl\/rezygnacja\/\">formularz rezygnacji<\/a>.<\/li>\n<li>U\u017cytkownik ma prawo do:<br \/>\na) dost\u0119pu do swoich danych osobowych,<br \/>\nb) \u017c\u0105dania sprostowania, usuni\u0119cia, ograniczenia przetwarzania oraz przenoszenia danych osobowych.<br \/>\nc) dowolnym momencie wnie\u015b\u0107 sprzeciw wobec przetwarzania danych osobowych, w tym profilowania.<\/li>\n<li>U\u017cytkownik ma prawo wniesienia skargi do organu nadzorczego, kt\u00f3rym jest&nbsp; Prezes Urz\u0119du Ochrony Danych Osobowych<\/li>\n<li>Dost\u0119p do danych osobowych U\u017cytkownika jest mo\u017cliwy w siedzibie Administratora. Ponadto, Administrator udost\u0119pnia adres e-mail <a href=\"mailto:rodo@aniro.pl\">rodo@aniro.pl<\/a>&nbsp; za pomoc\u0105 kt\u00f3rego mo\u017cna kontaktowa\u0107 si\u0119 w sprawie danych osobowych.<\/li>\n<\/ol>\n<p>[\/vc_column_text][\/vc_column][\/vc_row]<\/p>\n<\/div>","protected":false},"excerpt":{"rendered":"<p>[vc_row el_class=&#8221;product-box&#8221;][vc_column][vc_column_text el_class=&#8221;product-title&#8221;] Klauzula Informacyjna [\/vc_column_text][\/vc_column][\/vc_row][vc_row][vc_column][vc_column_text] 1. Definicje Administrator &#8211; Administratorem danych osobowych w rozumieniu rozporz\u0105dzenia Parlamentu Europejskiego i Rady (UE) 2016\/679 z 27 kwietnia 2016 r. w sprawie ochrony os\u00f3b fizycznych w zwi\u0105zku z przetwarzaniem danych osobowych i w sprawie swobodnego przep\u0142ywu takich danych, dalej zwane \u201eRODO\u201d jest ANIRO Sp. z o.o. z siedzib\u0105 [&hellip;]<\/p>\n","protected":false},"author":3,"featured_media":0,"parent":0,"menu_order":0,"comment_status":"closed","ping_status":"closed","template":"","meta":{"_acf_changed":false,"footnotes":""},"class_list":["post-34191","page","type-page","status-publish","hentry"],"acf":[],"yoast_head":"<!-- This site is optimized with the Yoast SEO plugin v27.3 - https:\/\/yoast.com\/product\/yoast-seo-wordpress\/ -->\n<title>Klauzula informacyjna - Aniro<\/title>\n<meta name=\"robots\" content=\"index, follow, max-snippet:-1, max-image-preview:large, max-video-preview:-1\" \/>\n<link rel=\"canonical\" href=\"https:\/\/aniro.pl\/klauzula-informacyjna\/\" \/>\n<meta property=\"og:locale\" content=\"en_US\" \/>\n<meta property=\"og:type\" content=\"article\" \/>\n<meta property=\"og:title\" content=\"Klauzula informacyjna - Aniro\" \/>\n<meta property=\"og:description\" content=\"[vc_row el_class=&#8221;product-box&#8221;][vc_column][vc_column_text el_class=&#8221;product-title&#8221;] Klauzula Informacyjna [\/vc_column_text][\/vc_column][\/vc_row][vc_row][vc_column][vc_column_text] 1. Definicje Administrator &#8211; Administratorem danych osobowych w rozumieniu rozporz\u0105dzenia Parlamentu Europejskiego i Rady (UE) 2016\/679 z 27 kwietnia 2016 r. w sprawie ochrony os\u00f3b fizycznych w zwi\u0105zku z przetwarzaniem danych osobowych i w sprawie swobodnego przep\u0142ywu takich danych, dalej zwane \u201eRODO\u201d jest ANIRO Sp. z o.o. z siedzib\u0105 [&hellip;]\" \/>\n<meta property=\"og:url\" content=\"https:\/\/aniro.pl\/klauzula-informacyjna\/\" \/>\n<meta property=\"og:site_name\" content=\"Aniro\" \/>\n<meta name=\"twitter:card\" content=\"summary_large_image\" \/>\n<meta name=\"twitter:label1\" content=\"Est. reading time\" \/>\n\t<meta name=\"twitter:data1\" content=\"7 minutes\" \/>\n<script type=\"application\/ld+json\" class=\"yoast-schema-graph\">{\"@context\":\"https:\\\/\\\/schema.org\",\"@graph\":[{\"@type\":\"WebPage\",\"@id\":\"https:\\\/\\\/aniro.pl\\\/klauzula-informacyjna\\\/\",\"url\":\"https:\\\/\\\/aniro.pl\\\/klauzula-informacyjna\\\/\",\"name\":\"Klauzula informacyjna - Aniro\",\"isPartOf\":{\"@id\":\"https:\\\/\\\/aniro.pl\\\/#website\"},\"datePublished\":\"2018-05-29T14:00:39+00:00\",\"breadcrumb\":{\"@id\":\"https:\\\/\\\/aniro.pl\\\/klauzula-informacyjna\\\/#breadcrumb\"},\"inLanguage\":\"en-US\",\"potentialAction\":[{\"@type\":\"ReadAction\",\"target\":[\"https:\\\/\\\/aniro.pl\\\/klauzula-informacyjna\\\/\"]}]},{\"@type\":\"BreadcrumbList\",\"@id\":\"https:\\\/\\\/aniro.pl\\\/klauzula-informacyjna\\\/#breadcrumb\",\"itemListElement\":[{\"@type\":\"ListItem\",\"position\":1,\"name\":\"Strona g\u0142\u00f3wna\",\"item\":\"https:\\\/\\\/aniro.pl\\\/en\\\/\"},{\"@type\":\"ListItem\",\"position\":2,\"name\":\"Klauzula informacyjna\"}]},{\"@type\":\"WebSite\",\"@id\":\"https:\\\/\\\/aniro.pl\\\/#website\",\"url\":\"https:\\\/\\\/aniro.pl\\\/\",\"name\":\"Aniro\",\"description\":\"\",\"publisher\":{\"@id\":\"https:\\\/\\\/aniro.pl\\\/#organization\"},\"potentialAction\":[{\"@type\":\"SearchAction\",\"target\":{\"@type\":\"EntryPoint\",\"urlTemplate\":\"https:\\\/\\\/aniro.pl\\\/?s={search_term_string}\"},\"query-input\":{\"@type\":\"PropertyValueSpecification\",\"valueRequired\":true,\"valueName\":\"search_term_string\"}}],\"inLanguage\":\"en-US\"},{\"@type\":\"Organization\",\"@id\":\"https:\\\/\\\/aniro.pl\\\/#organization\",\"name\":\"Aniro\",\"url\":\"https:\\\/\\\/aniro.pl\\\/\",\"logo\":{\"@type\":\"ImageObject\",\"inLanguage\":\"en-US\",\"@id\":\"https:\\\/\\\/aniro.pl\\\/#\\\/schema\\\/logo\\\/image\\\/\",\"url\":\"https:\\\/\\\/aniro.pl\\\/wp-content\\\/uploads\\\/2024\\\/09\\\/favicon-32x32-2.png\",\"contentUrl\":\"https:\\\/\\\/aniro.pl\\\/wp-content\\\/uploads\\\/2024\\\/09\\\/favicon-32x32-2.png\",\"width\":32,\"height\":32,\"caption\":\"Aniro\"},\"image\":{\"@id\":\"https:\\\/\\\/aniro.pl\\\/#\\\/schema\\\/logo\\\/image\\\/\"}}]}<\/script>\n<!-- \/ Yoast SEO plugin. -->","yoast_head_json":{"title":"Klauzula informacyjna - Aniro","robots":{"index":"index","follow":"follow","max-snippet":"max-snippet:-1","max-image-preview":"max-image-preview:large","max-video-preview":"max-video-preview:-1"},"canonical":"https:\/\/aniro.pl\/klauzula-informacyjna\/","og_locale":"en_US","og_type":"article","og_title":"Klauzula informacyjna - Aniro","og_description":"[vc_row el_class=&#8221;product-box&#8221;][vc_column][vc_column_text el_class=&#8221;product-title&#8221;] Klauzula Informacyjna [\/vc_column_text][\/vc_column][\/vc_row][vc_row][vc_column][vc_column_text] 1. Definicje Administrator &#8211; Administratorem danych osobowych w rozumieniu rozporz\u0105dzenia Parlamentu Europejskiego i Rady (UE) 2016\/679 z 27 kwietnia 2016 r. w sprawie ochrony os\u00f3b fizycznych w zwi\u0105zku z przetwarzaniem danych osobowych i w sprawie swobodnego przep\u0142ywu takich danych, dalej zwane \u201eRODO\u201d jest ANIRO Sp. z o.o. z siedzib\u0105 [&hellip;]","og_url":"https:\/\/aniro.pl\/klauzula-informacyjna\/","og_site_name":"Aniro","twitter_card":"summary_large_image","twitter_misc":{"Est. reading time":"7 minutes"},"schema":{"@context":"https:\/\/schema.org","@graph":[{"@type":"WebPage","@id":"https:\/\/aniro.pl\/klauzula-informacyjna\/","url":"https:\/\/aniro.pl\/klauzula-informacyjna\/","name":"Klauzula informacyjna - Aniro","isPartOf":{"@id":"https:\/\/aniro.pl\/#website"},"datePublished":"2018-05-29T14:00:39+00:00","breadcrumb":{"@id":"https:\/\/aniro.pl\/klauzula-informacyjna\/#breadcrumb"},"inLanguage":"en-US","potentialAction":[{"@type":"ReadAction","target":["https:\/\/aniro.pl\/klauzula-informacyjna\/"]}]},{"@type":"BreadcrumbList","@id":"https:\/\/aniro.pl\/klauzula-informacyjna\/#breadcrumb","itemListElement":[{"@type":"ListItem","position":1,"name":"Strona g\u0142\u00f3wna","item":"https:\/\/aniro.pl\/en\/"},{"@type":"ListItem","position":2,"name":"Klauzula informacyjna"}]},{"@type":"WebSite","@id":"https:\/\/aniro.pl\/#website","url":"https:\/\/aniro.pl\/","name":"Aniro","description":"","publisher":{"@id":"https:\/\/aniro.pl\/#organization"},"potentialAction":[{"@type":"SearchAction","target":{"@type":"EntryPoint","urlTemplate":"https:\/\/aniro.pl\/?s={search_term_string}"},"query-input":{"@type":"PropertyValueSpecification","valueRequired":true,"valueName":"search_term_string"}}],"inLanguage":"en-US"},{"@type":"Organization","@id":"https:\/\/aniro.pl\/#organization","name":"Aniro","url":"https:\/\/aniro.pl\/","logo":{"@type":"ImageObject","inLanguage":"en-US","@id":"https:\/\/aniro.pl\/#\/schema\/logo\/image\/","url":"https:\/\/aniro.pl\/wp-content\/uploads\/2024\/09\/favicon-32x32-2.png","contentUrl":"https:\/\/aniro.pl\/wp-content\/uploads\/2024\/09\/favicon-32x32-2.png","width":32,"height":32,"caption":"Aniro"},"image":{"@id":"https:\/\/aniro.pl\/#\/schema\/logo\/image\/"}}]}},"_links":{"self":[{"href":"https:\/\/aniro.pl\/en\/wp-json\/wp\/v2\/pages\/34191","targetHints":{"allow":["GET"]}}],"collection":[{"href":"https:\/\/aniro.pl\/en\/wp-json\/wp\/v2\/pages"}],"about":[{"href":"https:\/\/aniro.pl\/en\/wp-json\/wp\/v2\/types\/page"}],"author":[{"embeddable":true,"href":"https:\/\/aniro.pl\/en\/wp-json\/wp\/v2\/users\/3"}],"replies":[{"embeddable":true,"href":"https:\/\/aniro.pl\/en\/wp-json\/wp\/v2\/comments?post=34191"}],"version-history":[{"count":0,"href":"https:\/\/aniro.pl\/en\/wp-json\/wp\/v2\/pages\/34191\/revisions"}],"wp:attachment":[{"href":"https:\/\/aniro.pl\/en\/wp-json\/wp\/v2\/media?parent=34191"}],"curies":[{"name":"wp","href":"https:\/\/api.w.org\/{rel}","templated":true}]}}