{"id":4880,"date":"2016-07-19T23:33:40","date_gmt":"2016-07-19T21:33:40","guid":{"rendered":"http:\/\/aniro.pl\/formularz-kontaktowy\/"},"modified":"2024-09-09T13:50:48","modified_gmt":"2024-09-09T11:50:48","slug":"contact-form","status":"publish","type":"page","link":"https:\/\/aniro.pl\/en\/contact-form\/","title":{"rendered":"Contact Form"},"content":{"rendered":"<div class=\"wpb-content-wrapper\"><p>[vc_row][vc_column width=&#8221;1\/3&#8243;][vc_column_text el_class=&#8221;contact-title&#8221;]<\/p>\n<h2>Contact Us<\/h2>\n<p>[\/vc_column_text][vc_row_inner][vc_column_inner][vc_column_text css=&#8221;&#8221; el_class=&#8221;contact-details&#8221;]\n<div class=\"wpcf7 no-js\" id=\"wpcf7-f299-o1\" lang=\"en-US\" dir=\"ltr\" data-wpcf7-id=\"299\">\n<div class=\"screen-reader-response\"><p role=\"status\" aria-live=\"polite\" aria-atomic=\"true\"><\/p> <ul><\/ul><\/div>\n<form action=\"\/en\/wp-json\/wp\/v2\/pages\/4880#wpcf7-f299-o1\" method=\"post\" class=\"wpcf7-form init\" aria-label=\"Contact form\" novalidate=\"novalidate\" data-status=\"init\">\n<fieldset class=\"hidden-fields-container\"><input type=\"hidden\" name=\"_wpcf7\" value=\"299\" \/><input type=\"hidden\" name=\"_wpcf7_version\" value=\"6.1.5\" \/><input type=\"hidden\" name=\"_wpcf7_locale\" value=\"en_US\" \/><input type=\"hidden\" name=\"_wpcf7_unit_tag\" value=\"wpcf7-f299-o1\" \/><input type=\"hidden\" name=\"_wpcf7_container_post\" value=\"0\" \/><input type=\"hidden\" name=\"_wpcf7_posted_data_hash\" value=\"\" \/><input type=\"hidden\" name=\"redirect_nonce\" value=\"b29f5524bf\" \/><input type=\"hidden\" name=\"wpcf7cfpdf_hidden_name\" value=\"document-pdf\" \/><input type=\"hidden\" name=\"wpcf7cfpdf_hidden_reference\" value=\"426c9a5a\" \/><input type=\"hidden\" name=\"wpcf7cfpdf_hidden_date\" value=\"04172026\" \/><input type=\"hidden\" name=\"_wpcf7_recaptcha_response\" value=\"\" \/>\n<\/fieldset>\n<div class=\"form_row grid_1\">\n\t<p><span class=\"wpcf7-form-control-wrap\" data-name=\"your-name\"><input size=\"40\" maxlength=\"400\" class=\"wpcf7-form-control wpcf7-text wpcf7-validates-as-required\" aria-required=\"true\" aria-invalid=\"false\" placeholder=\"Name and surname*\" value=\"\" type=\"text\" name=\"your-name\" \/><\/span>\n\t<\/p>\n<\/div>\n<div class=\"form_row grid_2\">\n\t<p><span class=\"wpcf7-form-control-wrap\" data-name=\"your-email\"><input size=\"40\" maxlength=\"400\" class=\"wpcf7-form-control wpcf7-email wpcf7-validates-as-required wpcf7-text wpcf7-validates-as-email\" aria-required=\"true\" aria-invalid=\"false\" placeholder=\"E-mail*\" value=\"\" type=\"email\" name=\"your-email\" \/><\/span><span class=\"wpcf7-form-control-wrap\" data-name=\"tel-945\"><input size=\"40\" maxlength=\"400\" class=\"wpcf7-form-control wpcf7-tel wpcf7-validates-as-required wpcf7-text wpcf7-validates-as-tel\" aria-required=\"true\" aria-invalid=\"false\" placeholder=\"Phone number*\" value=\"\" type=\"tel\" name=\"tel-945\" \/><\/span>\n\t<\/p>\n<\/div>\n<div class=\"form_row grid_1\">\n\t<p><span class=\"wpcf7-form-control-wrap\" data-name=\"your-subject\"><input size=\"40\" maxlength=\"400\" class=\"wpcf7-form-control wpcf7-text\" aria-invalid=\"false\" placeholder=\"Subject\" value=\"\" type=\"text\" name=\"your-subject\" \/><\/span>\n\t<\/p>\n<\/div>\n<div class=\"form_row grid_1\">\n\t<p><span class=\"wpcf7-form-control-wrap\" data-name=\"your-message\"><textarea cols=\"40\" rows=\"10\" maxlength=\"2000\" class=\"wpcf7-form-control wpcf7-textarea wpcf7-validates-as-required\" aria-required=\"true\" aria-invalid=\"false\" placeholder=\"Message\" name=\"your-message\"><\/textarea><\/span>\n\t<\/p>\n<\/div>\n<div class=\"form_acceptance\">\n\t<p><span class=\"wpcf7-form-control-wrap\" data-name=\"acceptance-237\"><span class=\"wpcf7-form-control wpcf7-acceptance\"><span class=\"wpcf7-list-item\"><label><input type=\"checkbox\" name=\"acceptance-237\" value=\"1\" aria-invalid=\"false\" \/><span class=\"wpcf7-list-item-label\"><span>*Korzystaj\u0105c z formularza kontaktowego przekazujesz Nam swoje dane osobowe. Administratorem danych osobowych jest ANIRO Sp. z o.o. z siedzib\u0105 w Toruniu. Wi\u0119cej informacji... <span class=\"show_more\">zobacz wi\u0119cej<\/span><span class=\"show_if\">o zasadach przetwarzania przez Nas danych osobowych znajdziesz tutaj: <a href=\"https:\/\/aniro.pl\/polityka-prywatnosci\/\">Polityka prywatno\u015bci.<\/a> <\/span>    <\/span><\/span><\/label><\/span><\/span><\/span>\n\t<\/p>\n\t<p><span class=\"wpcf7-form-control-wrap\" data-name=\"acceptance-666\"><span class=\"wpcf7-form-control wpcf7-acceptance optional\"><span class=\"wpcf7-list-item\"><label><input type=\"checkbox\" name=\"acceptance-666\" value=\"1\" aria-invalid=\"false\" \/><span class=\"wpcf7-list-item-label\"><span>Zezwalam na przetwarzanie i wykorzystanie danych osobowych w celach marketingowych przez ANIRO Sp. z o.o. zgodnie z ustaw\u0105... <span class=\"show_more2\">zobacz wi\u0119cej<\/span> <span class=\"show_if2\"> z dnia 29 sierpnia 1997 r. o ochronie danych osobowych (tekst jednolity Dz.U. z 2002, Nr 101, poz. 926 z p\u00f3\u017an. zm.) oraz zgodnie z rozporz\u0105dzeniem Parlamentu Europejskiego i Rady (UE) 2016\/679 z 27 kwietnia 2016 r. w sprawie ochrony os\u00f3b fizycznych w zwi\u0105zku z przetwarzaniem danych osobowych i w sprawie swobodnego przep\u0142ywu takich danych.   <\/span><\/span><\/span><\/label><\/span><\/span><\/span>\n\t<\/p>\n\t<p><span class=\"wpcf7-form-control-wrap\" data-name=\"acceptance-667\"><span class=\"wpcf7-form-control wpcf7-acceptance\"><span class=\"wpcf7-list-item\"><label><input type=\"checkbox\" name=\"acceptance-667\" value=\"1\" aria-invalid=\"false\" \/><span class=\"wpcf7-list-item-label\"><span>*Potwierdzam zapoznanie si\u0119 z przys\u0142uguj\u0105cym mi prawie do wycofania zgody...<span class=\"show_more3\">zobacz wi\u0119cej<\/span><span class=\"show_if3\"> w dowolnym momencie, prawie dost\u0119pu do swoich danych, mo\u017cliwo\u015bci ich usuni\u0119cia i poprawiania <\/span> <\/span><\/span><\/label><\/span><\/span><\/span>\n\t<\/p>\n\t<p class=\"quiz-email\">Result: <span class=\"wpcf7-form-control-wrap\" data-name=\"quiz-914\"><label><span class=\"wpcf7-quiz-label\">1+1=?<\/span> <input size=\"40\" class=\"wpcf7-form-control wpcf7-quiz\" autocomplete=\"off\" aria-required=\"true\" aria-invalid=\"false\" type=\"text\" name=\"quiz-914\" \/><\/label><input type=\"hidden\" name=\"_wpcf7_quiz_answer_quiz-914\" value=\"3155e04fc3f0320f7309010379995a74\" \/><\/span>\n\t<\/p>\n<\/div>\n<div class=\"form_submit\">\n\t<p><input class=\"wpcf7-form-control wpcf7-submit has-spinner\" type=\"submit\" value=\"Wy\u015blij\" \/>\n\t<\/p>\n<\/div><div class=\"wpcf7-response-output\" aria-hidden=\"true\"><\/div>\n<\/form>\n<\/div>\n[\/vc_column_text][\/vc_column_inner][\/vc_row_inner][\/vc_column][vc_column width=&#8221;1\/3&#8243;][\/vc_column][vc_column width=&#8221;1\/3&#8243;][\/vc_column][\/vc_row][vc_row][vc_column el_class=&#8221;contact-details3&#8243;][\/vc_column][\/vc_row]<\/p>\n<\/div>","protected":false},"excerpt":{"rendered":"<p>[vc_row][vc_column width=&#8221;1\/3&#8243;][vc_column_text el_class=&#8221;contact-title&#8221;] Contact Us [\/vc_column_text][vc_row_inner][vc_column_inner][vc_column_text css=&#8221;&#8221; el_class=&#8221;contact-details&#8221;][\/vc_column_text][\/vc_column_inner][\/vc_row_inner][\/vc_column][vc_column width=&#8221;1\/3&#8243;][\/vc_column][vc_column width=&#8221;1\/3&#8243;][\/vc_column][\/vc_row][vc_row][vc_column el_class=&#8221;contact-details3&#8243;][\/vc_column][\/vc_row]<\/p>\n","protected":false},"author":6,"featured_media":0,"parent":0,"menu_order":0,"comment_status":"closed","ping_status":"closed","template":"","meta":{"_acf_changed":false,"footnotes":""},"class_list":["post-4880","page","type-page","status-publish","hentry"],"acf":[],"yoast_head":"<!-- This site is optimized with the Yoast SEO plugin v27.3 - https:\/\/yoast.com\/product\/yoast-seo-wordpress\/ -->\n<title>Contact Form - Aniro<\/title>\n<meta name=\"robots\" content=\"index, follow, max-snippet:-1, max-image-preview:large, max-video-preview:-1\" \/>\n<link rel=\"canonical\" href=\"https:\/\/aniro.pl\/formularz-kontaktowy\/\" \/>\n<meta property=\"og:locale\" content=\"en_US\" \/>\n<meta property=\"og:type\" content=\"article\" \/>\n<meta property=\"og:title\" content=\"Contact Form - Aniro\" \/>\n<meta property=\"og:description\" content=\"[vc_row][vc_column width=&#8221;1\/3&#8243;][vc_column_text el_class=&#8221;contact-title&#8221;] Contact Us [\/vc_column_text][vc_row_inner][vc_column_inner][vc_column_text css=&#8221;&#8221; el_class=&#8221;contact-details&#8221;][\/vc_column_text][\/vc_column_inner][\/vc_row_inner][\/vc_column][vc_column width=&#8221;1\/3&#8243;][\/vc_column][vc_column width=&#8221;1\/3&#8243;][\/vc_column][\/vc_row][vc_row][vc_column el_class=&#8221;contact-details3&#8243;][\/vc_column][\/vc_row]\" \/>\n<meta property=\"og:url\" content=\"https:\/\/aniro.pl\/formularz-kontaktowy\/\" \/>\n<meta property=\"og:site_name\" content=\"Aniro\" \/>\n<meta property=\"article:modified_time\" content=\"2024-09-09T11:50:48+00:00\" \/>\n<meta name=\"twitter:card\" content=\"summary_large_image\" \/>\n<meta name=\"twitter:label1\" content=\"Est. reading time\" \/>\n\t<meta name=\"twitter:data1\" content=\"1 minute\" \/>\n<script type=\"application\/ld+json\" class=\"yoast-schema-graph\">{\"@context\":\"https:\\\/\\\/schema.org\",\"@graph\":[{\"@type\":\"WebPage\",\"@id\":\"https:\\\/\\\/aniro.pl\\\/formularz-kontaktowy\\\/\",\"url\":\"https:\\\/\\\/aniro.pl\\\/formularz-kontaktowy\\\/\",\"name\":\"Contact Form - Aniro\",\"isPartOf\":{\"@id\":\"https:\\\/\\\/aniro.pl\\\/#website\"},\"datePublished\":\"2016-07-19T21:33:40+00:00\",\"dateModified\":\"2024-09-09T11:50:48+00:00\",\"breadcrumb\":{\"@id\":\"https:\\\/\\\/aniro.pl\\\/formularz-kontaktowy\\\/#breadcrumb\"},\"inLanguage\":\"en-US\",\"potentialAction\":[{\"@type\":\"ReadAction\",\"target\":[\"https:\\\/\\\/aniro.pl\\\/formularz-kontaktowy\\\/\"]}]},{\"@type\":\"BreadcrumbList\",\"@id\":\"https:\\\/\\\/aniro.pl\\\/formularz-kontaktowy\\\/#breadcrumb\",\"itemListElement\":[{\"@type\":\"ListItem\",\"position\":1,\"name\":\"Strona g\u0142\u00f3wna\",\"item\":\"https:\\\/\\\/aniro.pl\\\/en\\\/\"},{\"@type\":\"ListItem\",\"position\":2,\"name\":\"Contact Form\"}]},{\"@type\":\"WebSite\",\"@id\":\"https:\\\/\\\/aniro.pl\\\/#website\",\"url\":\"https:\\\/\\\/aniro.pl\\\/\",\"name\":\"Aniro\",\"description\":\"\",\"publisher\":{\"@id\":\"https:\\\/\\\/aniro.pl\\\/#organization\"},\"potentialAction\":[{\"@type\":\"SearchAction\",\"target\":{\"@type\":\"EntryPoint\",\"urlTemplate\":\"https:\\\/\\\/aniro.pl\\\/?s={search_term_string}\"},\"query-input\":{\"@type\":\"PropertyValueSpecification\",\"valueRequired\":true,\"valueName\":\"search_term_string\"}}],\"inLanguage\":\"en-US\"},{\"@type\":\"Organization\",\"@id\":\"https:\\\/\\\/aniro.pl\\\/#organization\",\"name\":\"Aniro\",\"url\":\"https:\\\/\\\/aniro.pl\\\/\",\"logo\":{\"@type\":\"ImageObject\",\"inLanguage\":\"en-US\",\"@id\":\"https:\\\/\\\/aniro.pl\\\/#\\\/schema\\\/logo\\\/image\\\/\",\"url\":\"https:\\\/\\\/aniro.pl\\\/wp-content\\\/uploads\\\/2024\\\/09\\\/favicon-32x32-2.png\",\"contentUrl\":\"https:\\\/\\\/aniro.pl\\\/wp-content\\\/uploads\\\/2024\\\/09\\\/favicon-32x32-2.png\",\"width\":32,\"height\":32,\"caption\":\"Aniro\"},\"image\":{\"@id\":\"https:\\\/\\\/aniro.pl\\\/#\\\/schema\\\/logo\\\/image\\\/\"}}]}<\/script>\n<!-- \/ Yoast SEO plugin. -->","yoast_head_json":{"title":"Contact Form - Aniro","robots":{"index":"index","follow":"follow","max-snippet":"max-snippet:-1","max-image-preview":"max-image-preview:large","max-video-preview":"max-video-preview:-1"},"canonical":"https:\/\/aniro.pl\/formularz-kontaktowy\/","og_locale":"en_US","og_type":"article","og_title":"Contact Form - Aniro","og_description":"[vc_row][vc_column width=&#8221;1\/3&#8243;][vc_column_text el_class=&#8221;contact-title&#8221;] Contact Us [\/vc_column_text][vc_row_inner][vc_column_inner][vc_column_text css=&#8221;&#8221; el_class=&#8221;contact-details&#8221;][\/vc_column_text][\/vc_column_inner][\/vc_row_inner][\/vc_column][vc_column width=&#8221;1\/3&#8243;][\/vc_column][vc_column width=&#8221;1\/3&#8243;][\/vc_column][\/vc_row][vc_row][vc_column el_class=&#8221;contact-details3&#8243;][\/vc_column][\/vc_row]","og_url":"https:\/\/aniro.pl\/formularz-kontaktowy\/","og_site_name":"Aniro","article_modified_time":"2024-09-09T11:50:48+00:00","twitter_card":"summary_large_image","twitter_misc":{"Est. reading time":"1 minute"},"schema":{"@context":"https:\/\/schema.org","@graph":[{"@type":"WebPage","@id":"https:\/\/aniro.pl\/formularz-kontaktowy\/","url":"https:\/\/aniro.pl\/formularz-kontaktowy\/","name":"Contact Form - Aniro","isPartOf":{"@id":"https:\/\/aniro.pl\/#website"},"datePublished":"2016-07-19T21:33:40+00:00","dateModified":"2024-09-09T11:50:48+00:00","breadcrumb":{"@id":"https:\/\/aniro.pl\/formularz-kontaktowy\/#breadcrumb"},"inLanguage":"en-US","potentialAction":[{"@type":"ReadAction","target":["https:\/\/aniro.pl\/formularz-kontaktowy\/"]}]},{"@type":"BreadcrumbList","@id":"https:\/\/aniro.pl\/formularz-kontaktowy\/#breadcrumb","itemListElement":[{"@type":"ListItem","position":1,"name":"Strona g\u0142\u00f3wna","item":"https:\/\/aniro.pl\/en\/"},{"@type":"ListItem","position":2,"name":"Contact Form"}]},{"@type":"WebSite","@id":"https:\/\/aniro.pl\/#website","url":"https:\/\/aniro.pl\/","name":"Aniro","description":"","publisher":{"@id":"https:\/\/aniro.pl\/#organization"},"potentialAction":[{"@type":"SearchAction","target":{"@type":"EntryPoint","urlTemplate":"https:\/\/aniro.pl\/?s={search_term_string}"},"query-input":{"@type":"PropertyValueSpecification","valueRequired":true,"valueName":"search_term_string"}}],"inLanguage":"en-US"},{"@type":"Organization","@id":"https:\/\/aniro.pl\/#organization","name":"Aniro","url":"https:\/\/aniro.pl\/","logo":{"@type":"ImageObject","inLanguage":"en-US","@id":"https:\/\/aniro.pl\/#\/schema\/logo\/image\/","url":"https:\/\/aniro.pl\/wp-content\/uploads\/2024\/09\/favicon-32x32-2.png","contentUrl":"https:\/\/aniro.pl\/wp-content\/uploads\/2024\/09\/favicon-32x32-2.png","width":32,"height":32,"caption":"Aniro"},"image":{"@id":"https:\/\/aniro.pl\/#\/schema\/logo\/image\/"}}]}},"_links":{"self":[{"href":"https:\/\/aniro.pl\/en\/wp-json\/wp\/v2\/pages\/4880","targetHints":{"allow":["GET"]}}],"collection":[{"href":"https:\/\/aniro.pl\/en\/wp-json\/wp\/v2\/pages"}],"about":[{"href":"https:\/\/aniro.pl\/en\/wp-json\/wp\/v2\/types\/page"}],"author":[{"embeddable":true,"href":"https:\/\/aniro.pl\/en\/wp-json\/wp\/v2\/users\/6"}],"replies":[{"embeddable":true,"href":"https:\/\/aniro.pl\/en\/wp-json\/wp\/v2\/comments?post=4880"}],"version-history":[{"count":2,"href":"https:\/\/aniro.pl\/en\/wp-json\/wp\/v2\/pages\/4880\/revisions"}],"predecessor-version":[{"id":34253,"href":"https:\/\/aniro.pl\/en\/wp-json\/wp\/v2\/pages\/4880\/revisions\/34253"}],"wp:attachment":[{"href":"https:\/\/aniro.pl\/en\/wp-json\/wp\/v2\/media?parent=4880"}],"curies":[{"name":"wp","href":"https:\/\/api.w.org\/{rel}","templated":true}]}}